{"id":70,"date":"2022-03-06T14:00:51","date_gmt":"2022-03-06T14:00:51","guid":{"rendered":"https:\/\/www.unikat4you.ch\/?page_id=70"},"modified":"2026-02-15T22:03:11","modified_gmt":"2026-02-15T22:03:11","slug":"anmeldeformular_ws_foulard","status":"publish","type":"page","link":"https:\/\/unikat4you.ch\/?page_id=70","title":{"rendered":"Anmeldeformular_WS_Foulard"},"content":{"rendered":"\n    \n    <section class=\"u-align-center u-clearfix u-section-2\" id=\"sec-e355\">\n      <div class=\"u-clearfix u-sheet u-sheet-1\">\n        <div class=\"u-container-style u-group u-opacity u-opacity-50 u-white u-group-1\">\n          <div class=\"u-container-layout u-valign-middle-lg u-valign-middle-md u-valign-middle-sm u-valign-middle-xs u-container-layout-1\">\n            <p class=\"u-align-center u-text u-text-1\">Mich interessiert der Workshop \u00abStoffdesign f\u00fcr Foulard oder Schal\u00bb.<br>Bitte reserviere mir einen oder mehrere Pl\u00e4tze: \n            <\/p>\n          <\/div>\n        <\/div>\n        <div class=\"u-form u-white u-form-1\">\n                  <script>\n            function onSuccess(event) {\n                var msgContainer = jQuery(event.currentTarget).find('.wpcf7-response-output');\n                msgContainer.removeClass('u-form-send-error').addClass('u-form-send-message u-form-send-success');\n                msgContainer.show();\n                var redirectAddress = jQuery(event.currentTarget).find('[redirect-address]').attr('redirect-address');\n                if (redirectAddress) {\n                    location.replace(redirectAddress);\n                }\n            }\n            function onError(event) {\n                var msgContainer = jQuery(event.currentTarget).find('.wpcf7-response-output');\n                msgContainer.removeClass('u-form-send-success').addClass('u-form-send-message u-form-send-error');\n                msgContainer.show();\n            }\n\n            jQuery('body')\n                .on('wpcf7mailsent',   '.u-form .wpcf7', onSuccess)\n                .on('wpcf7invalid',    '.u-form .wpcf7', onError)\n                .on('wpcf7:unaccepted', '.u-form .wpcf7', onError)\n                .on('wpcf7spam',       '.u-form .wpcf7', onError)\n                .on('wpcf7:aborted',    '.u-form .wpcf7', onError)\n                .on('wpcf7mailfailed', '.u-form .wpcf7', onError);\n        <\/script>\n        <style>\n            .u-form .wpcf7-response-output {\n                \/*position: relative !important;*\/\n                margin: 0 !important;\n                bottom: -70px!important;\n            }\n            .u-form .wpcf7 .ajax-loader {\n                margin-left: -24px;\n                margin-right: 0;\n            }\n        <\/style>\n\n<div class=\"wpcf7 no-js\" id=\"wpcf7-f102-o1\" lang=\"de-DE\" dir=\"ltr\">\n<div class=\"screen-reader-response\"><p role=\"status\" aria-live=\"polite\" aria-atomic=\"true\"><\/p> <ul><\/ul><\/div>\n<form style=\"padding: 15px;\" redirect-address=\"https:\/\/unikat4you.ch\/?page_id=170\" action=\"\/index.php?rest_route=%2Fwp%2Fv2%2Fpages%2F70#wpcf7-f102-o1\" method=\"post\" class=\"wpcf7-form init u-clearfix u-form-custom-backend u-form-spacing-15 u-form-vertical u-inner-form\" aria-label=\"Kontaktformular\" novalidate=\"novalidate\" data-status=\"init\">\n<div style=\"display: none;\">\n<input type=\"hidden\" name=\"_wpcf7\" value=\"102\" \/>\n<input type=\"hidden\" name=\"_wpcf7_version\" value=\"5.8\" \/>\n<input type=\"hidden\" name=\"_wpcf7_locale\" value=\"de_DE\" \/>\n<input type=\"hidden\" name=\"_wpcf7_unit_tag\" value=\"wpcf7-f102-o1\" \/>\n<input type=\"hidden\" name=\"_wpcf7_container_post\" value=\"0\" \/>\n<input type=\"hidden\" name=\"_wpcf7_posted_data_hash\" value=\"\" \/>\n<\/div>\n\n            <div class=\"u-form-group wpcf7-form-control-wrap u-form-name u-label-top u-form-group wpcf7-form-control-wrap-1\">\n              <label for=\"name-6797\" class=\"u-label\">Name<\/label>\n              <input type=\"text\" placeholder=\"Vorname Name\" id=\"name-6797\" name=\"vorname_name\" class=\"u-border-1 u-border-grey-30 u-input wpcf7-form-control u-input-rectangle\" required=\"\">\n            <\/div>\n            <div class=\"u-form-group wpcf7-form-control-wrap u-label-top u-form-group wpcf7-form-control-wrap-2\">\n              <label for=\"text-35db\" class=\"u-label\">Adresse<\/label>\n              <input type=\"text\" placeholder=\"Adresse\" id=\"text-35db\" name=\"adresse\" class=\"u-border-1 u-border-grey-30 u-input wpcf7-form-control u-input-rectangle\" required=\"required\">\n            <\/div>\n            <div class=\"u-form-group wpcf7-form-control-wrap u-label-top u-form-group wpcf7-form-control-wrap-3\">\n              <label for=\"text-27f0\" class=\"u-label\">Ort<\/label>\n              <input type=\"text\" placeholder=\"PLZ \/ Ort\" id=\"text-27f0\" name=\"plz_ort\" class=\"u-border-1 u-border-grey-30 u-input wpcf7-form-control u-input-rectangle\" required=\"required\">\n            <\/div>\n            <div class=\"u-form-group wpcf7-form-control-wrap u-label-top u-form-group wpcf7-form-control-wrap-4\">\n              <label for=\"text-5260\" class=\"u-label\">Telefon<\/label>\n              <input type=\"text\" placeholder=\"Telefon-Nummer\" id=\"text-5260\" name=\"telefon\" class=\"u-border-1 u-border-grey-30 u-input wpcf7-form-control u-input-rectangle\" required=\"required\">\n            <\/div>\n            <div class=\"u-form-email u-form-group wpcf7-form-control-wrap u-label-top u-form-group wpcf7-form-control-wrap-5\">\n              <label for=\"email-6797\" class=\"u-label\">Email<\/label>\n              <input type=\"email\" placeholder=\"E-Mailadresse\" id=\"email-6797\" name=\"email\" class=\"u-border-1 u-border-grey-30 u-input wpcf7-form-control u-input-rectangle\" required=\"\">\n            <\/div>\n            <div class=\"u-form-group wpcf7-form-control-wrap u-label-top u-form-group wpcf7-form-control-wrap-6\">\n              <label for=\"text-7268\" class=\"u-label\">Freitag, 27. M\u00e4rz 2026 * 13:00 bis 17:30 Uhr<\/label>\n              <input type=\"text\" placeholder=\"Anzahl Pl\u00e4tze reservieren\" id=\"text-7268\" name=\"foulard_fr_20260327\" class=\"u-border-1 u-border-grey-30 u-input wpcf7-form-control u-input-rectangle\">\n            <\/div>\n            <div class=\"u-form-group wpcf7-form-control-wrap u-label-top u-form-group wpcf7-form-control-wrap-7\">\n              <label for=\"text-f7f3\" class=\"u-label\">Samstag, 28. M\u00e4rz 2026 * 13:00 bis 17:30 Uhr<\/label>\n              <input type=\"text\" placeholder=\"Anzahl Pl\u00e4tze reservieren\" id=\"text-f7f3\" name=\"foulard_sa_20260328\" class=\"u-border-1 u-border-grey-30 u-input wpcf7-form-control u-input-rectangle\">\n            <\/div>\n            <div class=\"u-form-group wpcf7-form-control-wrap u-label-top u-form-group wpcf7-form-control-wrap-8\">\n              <label for=\"text-4a27\" class=\"u-label\">Freitag, 26. Juni 2026 * 13:00 bis 17:30 Uhr<\/label>\n              <input type=\"text\" placeholder=\"Anzahl Pl\u00e4tze reservieren\" id=\"text-4a27\" name=\"foulard_fr_20260626\" class=\"u-border-1 u-border-grey-30 u-input wpcf7-form-control u-input-rectangle\">\n            <\/div>\n            <div class=\"u-form-group wpcf7-form-control-wrap u-label-top u-form-group wpcf7-form-control-wrap-9\">\n              <label for=\"text-c749\" class=\"u-label\">Samstag, 27. Juni 2026 * 13:00 bis 17:30 Uhr<\/label>\n              <input type=\"text\" placeholder=\"Anzahl Pl\u00e4tze reservieren\" id=\"text-c749\" name=\"foulard_sa_20260627\" class=\"u-border-1 u-border-grey-30 u-input wpcf7-form-control u-input-rectangle\">\n            <\/div>\n            <div class=\"u-form-group wpcf7-form-control-wrap u-label-top u-form-group wpcf7-form-control-wrap-10\">\n              <label for=\"text-8fc2\" class=\"u-label\">Freitag, 4. Sept. 2026 * 13:00 bis 17:30 Uhr<\/label>\n              <input type=\"text\" placeholder=\"Anzahl Pl\u00e4tze reservieren\" id=\"text-8fc2\" name=\"foulard_fr_20260904\" class=\"u-border-1 u-border-grey-30 u-input wpcf7-form-control u-input-rectangle\">\n            <\/div>\n            <div class=\"u-form-group wpcf7-form-control-wrap u-label-top u-form-group wpcf7-form-control-wrap-11\">\n              <label for=\"text-7e17\" class=\"u-label\">Samstag, 5. Sept. 2026 * 13:00 bis 17:30 Uhr<\/label>\n              <input type=\"text\" placeholder=\"Anzahl Pl\u00e4tze reservieren\" id=\"text-7e17\" name=\"foulard_sa_20260905\" class=\"u-border-1 u-border-grey-30 u-input wpcf7-form-control u-input-rectangle\">\n            <\/div>\n            <div class=\"u-form-group wpcf7-form-control-wrap u-label-top u-form-group wpcf7-form-control-wrap-12\">\n              <label for=\"text-d862\" class=\"u-label\">Freitag, 13. Nov. 2026 * 13:00 bis 17:30 Uhr<\/label>\n              <input type=\"text\" placeholder=\"Anzahl Pl\u00e4tze reservieren\" id=\"text-d862\" name=\"foulard_fr_20261113\" class=\"u-border-1 u-border-grey-30 u-input wpcf7-form-control u-input-rectangle\">\n            <\/div>\n            <div class=\"u-form-group wpcf7-form-control-wrap u-label-top u-form-group wpcf7-form-control-wrap-13\">\n              <label for=\"text-7ceb\" class=\"u-label\">Samstag, 14. Nov. 2026 * 13:00 bis 17:30 Uhr<\/label>\n              <input type=\"text\" placeholder=\"Anzahl Pl\u00e4tze reservieren\" id=\"text-7ceb\" name=\"foulard_sa_20261114\" class=\"u-border-1 u-border-grey-30 u-input wpcf7-form-control u-input-rectangle\">\n            <\/div>\n            <div class=\"u-align-right u-form-group wpcf7-form-control-wrap u-form-submit wpcf7-form-control u-label-top u-form-group wpcf7-form-control-wrap-14\">\n              <a href=\"#\" class=\"u-border-2 u-border-black u-btn wpcf7-submit u-btn-submit u-button-style u-hover-black u-none u-btn-1\">Reservation abschicken<\/a>\n              <input type=\"submit\" value=\"submit\" class=\"u-form-control-hidden\">\n            <\/div>\n            <div class=\"u-form-send-message u-form-send-success\">Thank you! Your message has been sent.<\/div>\n            <div class=\"u-form-send-error u-form-send-message\">Unable to send your message. Please fix errors then try again.<\/div>\n            <input type=\"hidden\" value=\"\" name=\"recaptchaResponse\">\n          <input type=\"hidden\" name=\"_contact7_backend\" value=\"1\"><div class=\"wpcf7-response-output\" aria-hidden=\"true\"><\/div>\n<\/form>\n<\/div>\n\n        <\/div>\n      <\/div>\n    <\/section>\n    \n    \n  \n","protected":false},"excerpt":{"rendered":"<p>Mich interessiert der Workshop \u00abStoffdesign f\u00fcr Foulard oder Schal\u00bb.Bitte reserviere mir einen oder mehrere Pl\u00e4tze: Name Adresse Ort Telefon Email Freitag, 27. M\u00e4rz 2026 * 13:00 bis 17:30 Uhr Samstag, 28. M\u00e4rz 2026 * 13:00 bis 17:30 Uhr Freitag, 26. Juni 2026 * 13:00 bis 17:30 Uhr Samstag, 27. Juni 2026 * 13:00 bis 17:30 &hellip; <a href=\"https:\/\/unikat4you.ch\/?page_id=70\" class=\"more-link\">Continue reading<span class=\"screen-reader-text\"> &#8222;Anmeldeformular_WS_Foulard&#8220;<\/span><\/a><\/p>\n","protected":false},"author":1,"featured_media":0,"parent":64,"menu_order":4,"comment_status":"closed","ping_status":"closed","template":"","meta":{"footnotes":""},"class_list":["post-70","page","type-page","status-publish","hentry"],"yoast_head":"<!-- This site is optimized with the Yoast SEO plugin v18.2 - https:\/\/yoast.com\/wordpress\/plugins\/seo\/ -->\n<title>Anmeldeformular_WS_Foulard - unikat4you<\/title>\n<meta name=\"robots\" content=\"index, follow, max-snippet:-1, max-image-preview:large, max-video-preview:-1\" \/>\n<link rel=\"canonical\" href=\"https:\/\/unikat4you.ch\/?page_id=70\" \/>\n<meta property=\"og:locale\" content=\"de_DE\" \/>\n<meta property=\"og:type\" content=\"article\" \/>\n<meta property=\"og:title\" content=\"Anmeldeformular_WS_Foulard - unikat4you\" \/>\n<meta property=\"og:description\" content=\"Mich interessiert der Workshop \u00abStoffdesign f\u00fcr Foulard oder Schal\u00bb.Bitte reserviere mir einen oder mehrere Pl\u00e4tze: Name Adresse Ort Telefon Email Freitag, 27. M\u00e4rz 2026 * 13:00 bis 17:30 Uhr Samstag, 28. M\u00e4rz 2026 * 13:00 bis 17:30 Uhr Freitag, 26. Juni 2026 * 13:00 bis 17:30 Uhr Samstag, 27. Juni 2026 * 13:00 bis 17:30 &hellip; Continue reading &quot;Anmeldeformular_WS_Foulard&quot;\" \/>\n<meta property=\"og:url\" content=\"https:\/\/unikat4you.ch\/?page_id=70\" \/>\n<meta property=\"og:site_name\" content=\"unikat4you\" \/>\n<meta property=\"article:modified_time\" content=\"2026-02-15T22:03:11+00:00\" \/>\n<meta name=\"twitter:card\" content=\"summary_large_image\" \/>\n<script type=\"application\/ld+json\" class=\"yoast-schema-graph\">{\"@context\":\"https:\/\/schema.org\",\"@graph\":[{\"@type\":\"WebSite\",\"@id\":\"https:\/\/unikat4you.ch\/#website\",\"url\":\"https:\/\/unikat4you.ch\/\",\"name\":\"unikat4you\",\"description\":\"Stoffdesign f\u00fcr dich\",\"potentialAction\":[{\"@type\":\"SearchAction\",\"target\":{\"@type\":\"EntryPoint\",\"urlTemplate\":\"https:\/\/unikat4you.ch\/?s={search_term_string}\"},\"query-input\":\"required name=search_term_string\"}],\"inLanguage\":\"de\"},{\"@type\":\"WebPage\",\"@id\":\"https:\/\/unikat4you.ch\/?page_id=70#webpage\",\"url\":\"https:\/\/unikat4you.ch\/?page_id=70\",\"name\":\"Anmeldeformular_WS_Foulard - unikat4you\",\"isPartOf\":{\"@id\":\"https:\/\/unikat4you.ch\/#website\"},\"datePublished\":\"2022-03-06T14:00:51+00:00\",\"dateModified\":\"2026-02-15T22:03:11+00:00\",\"breadcrumb\":{\"@id\":\"https:\/\/unikat4you.ch\/?page_id=70#breadcrumb\"},\"inLanguage\":\"de\",\"potentialAction\":[{\"@type\":\"ReadAction\",\"target\":[\"https:\/\/unikat4you.ch\/?page_id=70\"]}]},{\"@type\":\"BreadcrumbList\",\"@id\":\"https:\/\/unikat4you.ch\/?page_id=70#breadcrumb\",\"itemListElement\":[{\"@type\":\"ListItem\",\"position\":1,\"name\":\"Startseite\",\"item\":\"https:\/\/unikat4you.ch\/\"},{\"@type\":\"ListItem\",\"position\":2,\"name\":\"Workshop_Foulard\",\"item\":\"https:\/\/unikat4you.ch\/?page_id=64\"},{\"@type\":\"ListItem\",\"position\":3,\"name\":\"Anmeldeformular_WS_Foulard\"}]}]}<\/script>\n<!-- \/ Yoast SEO plugin. -->","yoast_head_json":{"title":"Anmeldeformular_WS_Foulard - unikat4you","robots":{"index":"index","follow":"follow","max-snippet":"max-snippet:-1","max-image-preview":"max-image-preview:large","max-video-preview":"max-video-preview:-1"},"canonical":"https:\/\/unikat4you.ch\/?page_id=70","og_locale":"de_DE","og_type":"article","og_title":"Anmeldeformular_WS_Foulard - unikat4you","og_description":"Mich interessiert der Workshop \u00abStoffdesign f\u00fcr Foulard oder Schal\u00bb.Bitte reserviere mir einen oder mehrere Pl\u00e4tze: Name Adresse Ort Telefon Email Freitag, 27. M\u00e4rz 2026 * 13:00 bis 17:30 Uhr Samstag, 28. M\u00e4rz 2026 * 13:00 bis 17:30 Uhr Freitag, 26. Juni 2026 * 13:00 bis 17:30 Uhr Samstag, 27. Juni 2026 * 13:00 bis 17:30 &hellip; Continue reading \"Anmeldeformular_WS_Foulard\"","og_url":"https:\/\/unikat4you.ch\/?page_id=70","og_site_name":"unikat4you","article_modified_time":"2026-02-15T22:03:11+00:00","twitter_card":"summary_large_image","schema":{"@context":"https:\/\/schema.org","@graph":[{"@type":"WebSite","@id":"https:\/\/unikat4you.ch\/#website","url":"https:\/\/unikat4you.ch\/","name":"unikat4you","description":"Stoffdesign f\u00fcr dich","potentialAction":[{"@type":"SearchAction","target":{"@type":"EntryPoint","urlTemplate":"https:\/\/unikat4you.ch\/?s={search_term_string}"},"query-input":"required name=search_term_string"}],"inLanguage":"de"},{"@type":"WebPage","@id":"https:\/\/unikat4you.ch\/?page_id=70#webpage","url":"https:\/\/unikat4you.ch\/?page_id=70","name":"Anmeldeformular_WS_Foulard - unikat4you","isPartOf":{"@id":"https:\/\/unikat4you.ch\/#website"},"datePublished":"2022-03-06T14:00:51+00:00","dateModified":"2026-02-15T22:03:11+00:00","breadcrumb":{"@id":"https:\/\/unikat4you.ch\/?page_id=70#breadcrumb"},"inLanguage":"de","potentialAction":[{"@type":"ReadAction","target":["https:\/\/unikat4you.ch\/?page_id=70"]}]},{"@type":"BreadcrumbList","@id":"https:\/\/unikat4you.ch\/?page_id=70#breadcrumb","itemListElement":[{"@type":"ListItem","position":1,"name":"Startseite","item":"https:\/\/unikat4you.ch\/"},{"@type":"ListItem","position":2,"name":"Workshop_Foulard","item":"https:\/\/unikat4you.ch\/?page_id=64"},{"@type":"ListItem","position":3,"name":"Anmeldeformular_WS_Foulard"}]}]}},"jetpack-related-posts":[{"id":74,"url":"https:\/\/unikat4you.ch\/?page_id=74","url_meta":{"origin":70,"position":0},"title":"Anmeldeformular_WS_Sitzball","author":"admin","date":"M\u00e4rz 6, 2022","format":false,"excerpt":"Mich interessiert der Workshop \u00abSitzball kreieren\u00bb.Bitte reserviere mir einen oder mehrere Pl\u00e4tze: Name Adresse Ort Telefon Email Freitag, 27. M\u00e4rz 2026 * 13:00 bis 17:30 Uhr Samstag, 28. M\u00e4rz 2026 * 13:00 bis 17:30 Uhr Freitag, 26. Juni 2026 * 13:00 bis 17:30 Uhr Samstag, 27. Juni 2026 * 13:00\u2026","rel":"","context":"\u00c4hnlicher Beitrag","block_context":{"text":"\u00c4hnlicher Beitrag","link":""},"img":{"alt_text":"","src":"","width":0,"height":0},"classes":[]},{"id":66,"url":"https:\/\/unikat4you.ch\/?page_id=66","url_meta":{"origin":70,"position":1},"title":"Workshops","author":"admin","date":"M\u00e4rz 6, 2022","format":false,"excerpt":"Liebst du Stoffe? Bist du kreativ? W\u00fcrdest du gerne dein eigenes Stoffdesign kreieren?\u00a0Seit 2015 f\u00fchre ich f\u00fcr bis zu vier Personen Stoffdesign-Workshops durch. Schritt f\u00fcr Schritt begleite ich dich dabei am Computer zu deinem Wunschdesign. Stoffdesign f\u00fcr Foulard oder Schal * Weggis Fr 27.03.2026 * 13:00\u201317:30 Sa 28.03.2026 * 13:00\u201317:30\u2026","rel":"","context":"\u00c4hnlicher Beitrag","block_context":{"text":"\u00c4hnlicher Beitrag","link":""},"img":{"alt_text":"","src":"","width":0,"height":0},"classes":[]},{"id":71,"url":"https:\/\/unikat4you.ch\/?page_id=71","url_meta":{"origin":70,"position":2},"title":"Workshop_Exklusiv","author":"admin","date":"M\u00e4rz 6, 2022","format":false,"excerpt":"Stoffdesign exklusiv f\u00fcr dich Umfang und Preis Die erste Stunde Stoffdesign exklusiv kostet 150 Franken. Jede weitere Stunden kostet 120 Franken. Dabei spielt es keine Rolle, ob du alleine oder mit maximal 4 Personen am Workshop teilnimmst. Abonnemente Wenn du f\u00fcr dein Projekt eine gr\u00f6ssere Anzahl Stunden ben\u00f6tigst, oder sporadisch\u2026","rel":"","context":"\u00c4hnlicher Beitrag","block_context":{"text":"\u00c4hnlicher Beitrag","link":""},"img":{"alt_text":"","src":"","width":0,"height":0},"classes":[]}],"_links":{"self":[{"href":"https:\/\/unikat4you.ch\/index.php?rest_route=\/wp\/v2\/pages\/70","targetHints":{"allow":["GET"]}}],"collection":[{"href":"https:\/\/unikat4you.ch\/index.php?rest_route=\/wp\/v2\/pages"}],"about":[{"href":"https:\/\/unikat4you.ch\/index.php?rest_route=\/wp\/v2\/types\/page"}],"author":[{"embeddable":true,"href":"https:\/\/unikat4you.ch\/index.php?rest_route=\/wp\/v2\/users\/1"}],"replies":[{"embeddable":true,"href":"https:\/\/unikat4you.ch\/index.php?rest_route=%2Fwp%2Fv2%2Fcomments&post=70"}],"version-history":[{"count":91,"href":"https:\/\/unikat4you.ch\/index.php?rest_route=\/wp\/v2\/pages\/70\/revisions"}],"predecessor-version":[{"id":580,"href":"https:\/\/unikat4you.ch\/index.php?rest_route=\/wp\/v2\/pages\/70\/revisions\/580"}],"up":[{"embeddable":true,"href":"https:\/\/unikat4you.ch\/index.php?rest_route=\/wp\/v2\/pages\/64"}],"wp:attachment":[{"href":"https:\/\/unikat4you.ch\/index.php?rest_route=%2Fwp%2Fv2%2Fmedia&parent=70"}],"curies":[{"name":"wp","href":"https:\/\/api.w.org\/{rel}","templated":true}]}}