{"id":69,"date":"2022-03-06T14:00:50","date_gmt":"2022-03-06T14:00:50","guid":{"rendered":"https:\/\/www.unikat4you.ch\/?page_id=69"},"modified":"2024-11-21T09:38:18","modified_gmt":"2024-11-21T09:38:18","slug":"workshop_sitzball","status":"publish","type":"page","link":"https:\/\/unikat4you.ch\/?page_id=69","title":{"rendered":"Workshop_Sitzball"},"content":{"rendered":"\n    \n    <section class=\"u-align-center-lg u-align-center-md u-align-center-xl u-align-left-sm u-align-left-xs u-clearfix u-section-2\" id=\"sec-2a32\">\n      <div class=\"u-clearfix u-sheet u-sheet-1\">\n        <div class=\"u-clearfix u-gutter-0 u-layout-wrap u-layout-wrap-1\">\n          <div class=\"u-gutter-0 u-layout\" style=\"\">\n            <div class=\"u-layout-col\" style=\"\">\n              <div class=\"u-size-60\" style=\"\">\n                <div class=\"u-layout-row\" style=\"\">\n                  <div class=\"u-align-left u-container-style u-layout-cell u-opacity u-opacity-50 u-size-60 u-white u-layout-cell-1\">\n                    <div class=\"u-container-layout u-container-layout-1\">\n                      <h1 class=\"u-align-left u-text u-text-1\">Sitzball kreieren<br>\n                        <br>\n                      <\/h1>\n                      <h3 class=\"u-align-left u-text u-text-2\">Umfang und Preis<\/h3>\n                      <p class=\"u-align-left u-text u-text-3\"> 4 Stunden Stoffdesign-Workshop,\njeweils in Kleingruppe mit maximal 4 Teilnehmenden kosten 120 Franken.<br>\n                        <br>F\u00fcr das N\u00e4hkit mit deinem Design bedrucktem Velours Kunstleder, N\u00e4hmaterial, Gymnastikball mit Pumpe und einer ausf\u00fchrlichen N\u00e4hanleitung bezahlst du zus\u00e4tzlich 120 Franken.<br>\n                        <br>Du l\u00e4sst den Sitzball mit deinem Design von unikat4you produzieren. Dieses kostet zum Stoffdesign-Workshop nochmals 340 Franken. In diesem Preis ist der Gymnastikball mit Pumpe enthalten.<br>\n                        <br>\n                        <br>\n                      <\/p>\n                      <h3 class=\"u-align-left u-text u-text-4\">Leitung&nbsp;<\/h3>\n                      <p class=\"u-align-left u-text u-text-5\">Verena K\u00fcttel Lottenbach<br> \u00abMeine \u00fcber 30j\u00e4hrige Erfahrung als Gestalterin und Ausbildnerin macht es m\u00f6glich, dass du ohne spezielle Vorkenntnisse dein eigenes Stoffdesign am Computer erstellen kannst. Gerne gebe ich etwas von meiner Faszination, den eigenen Stoff zu kreieren, an dich weiter. Am Workshop f\u00fchre ich dich Schritt f\u00fcr Schritt zum Sitzball mit eigenem Design.\u00bb<br>\n                        <br>\n                        <br>\n                      <\/p>\n                      <h3 class=\"u-align-left u-text u-text-6\">Kursdaten und Anmeldung<\/h3>\n                      <p class=\"u-align-left u-text u-text-7\">Im Anmeldeformular findest du die Kursdaten und Zeiten. Bei Fragen stehe ich dir gerne zur Verf\u00fcgung. Z\u00f6gere nicht, mich zu kontaktieren.<br>\n                      <\/p>\n                      <a href=\"https:\/\/unikat4you.ch\/?page_id=74\" class=\"u-align-right u-border-2 u-border-black u-btn u-button-style u-hover-black u-none u-btn-1\">zum Anmeldeformular<\/a>\n                      <h3 class=\"u-align-left u-text u-text-8\">Durchf\u00fchrungsort<\/h3>\n                      <p class=\"u-align-left u-text u-text-9\">Der Workshop findet an der Hertensteinstrasse 124 in Weggis statt. Es stehen vier Arbeitsstationen mit grossen 24-Zoll-Bildschirmen zur Verf\u00fcgung.&nbsp;<br>\n                      <\/p>\n                      <div class=\"u-expanded-width u-list u-list-1\">\n                        <div class=\"u-repeater u-repeater-1\">\n                          <div class=\"u-container-style u-image u-list-item u-repeater-item u-image-1\" data-image-width=\"800\" data-image-height=\"450\" style=\"background-image: url(&quot;https:\/\/unikat4you.ch\/wp-content\/uploads\/2024\/08\/unikat4you_workshop_raum.jpg&quot;);\">\n                            <div class=\"u-container-layout u-similar-container u-container-layout-2\"><\/div>\n                          <\/div>\n                        <\/div>\n                      <\/div>\n                      <h3 class=\"u-align-left u-text u-text-10\">\n                        <br>\n                        <br>\n                        <br>Vorkenntnisse \n                      <\/h3>\n                      <p class=\"u-align-left u-text u-text-11\"> Wir erstellen das Stoff-Design mit Adobe Photoshop und\/oder Adobe Illustrator. Damit du mit den Adobe-Produkten arbeiten kannst, musst du die Maus routiniert bedienen k\u00f6nnen.&nbsp;<br>Das N\u00e4hen des Sitzballes ist f\u00fcr alle N\u00e4hbegeisterten geeignet.<br>\n                        <br>\n                        <br>\n                      <\/p>\n                      <h3 class=\"u-align-left u-text u-text-12\">Ablauf des Workshops<\/h3>\n                      <p class=\"u-align-left u-text u-text-13\"> Zuerst besprechen wir gemeinsam deine Design-Idee, welche du anschliessend Schritt f\u00fcr Schritt umsetzen wirst. Ich zeige dir jeweils soviel im Bedienen von Photoshop oder Illu\u00adstrator, damit du den n\u00e4chsten Schritt in Angriff nehmen kannst.&nbsp;<br>\n                        <br>Nach dem Workshop werde ich die Daten so aufbereiten, dass das Kunstleder Velours mit deinem Design bestellt werden kann.&nbsp;<br>\n                        <br>Du entscheidest am Workshop, ob du den Sitzball von mir produzieren l\u00e4sst, oder ob du ihn mit Hilfe des N\u00e4hkits selber n\u00e4hen m\u00f6chtest.<br>\n                        <br>&nbsp;&nbsp; \n                      <\/p>\n                      <h3 class=\"u-text u-text-14\">Hast du noch Fragen?<\/h3>\n                      <p class=\"u-align-left u-text u-text-15\">Du hast eine passende Foto und m\u00f6chtest den Sitzball von unikat4you produzieren lassen? Dies ist m\u00f6glich. Bitte nehme mit mir Kontakt auf, um das weitere Vorgehen zu besprechen.&nbsp;<br>Wenn du Fragen zum Design hast, stehe ich dir ebenfalls gerne mit Rat und Tat zur Seite. Ich freue mich auf dein Mail oder deinen Telefonanruf.<br>\n                        <br>\n                      <\/p>\n                    <\/div>\n                  <\/div>\n                <\/div>\n              <\/div>\n            <\/div>\n          <\/div>\n        <\/div>\n      <\/div>\n    <\/section>\n    \n    \n  \n","protected":false},"excerpt":{"rendered":"<p>Sitzball kreieren Umfang und Preis 4 Stunden Stoffdesign-Workshop, jeweils in Kleingruppe mit maximal 4 Teilnehmenden kosten 120 Franken. F\u00fcr das N\u00e4hkit mit deinem Design bedrucktem Velours Kunstleder, N\u00e4hmaterial, Gymnastikball mit Pumpe und einer ausf\u00fchrlichen N\u00e4hanleitung bezahlst du zus\u00e4tzlich 120 Franken. Du l\u00e4sst den Sitzball mit deinem Design von unikat4you produzieren. Dieses kostet zum Stoffdesign-Workshop nochmals &hellip; <a href=\"https:\/\/unikat4you.ch\/?page_id=69\" class=\"more-link\">Continue reading<span class=\"screen-reader-text\"> &#8222;Workshop_Sitzball&#8220;<\/span><\/a><\/p>\n","protected":false},"author":1,"featured_media":0,"parent":0,"menu_order":5,"comment_status":"closed","ping_status":"closed","template":"","meta":{"footnotes":""},"class_list":["post-69","page","type-page","status-publish","hentry"],"yoast_head":"<!-- This site is optimized with the Yoast SEO plugin v18.2 - https:\/\/yoast.com\/wordpress\/plugins\/seo\/ -->\n<title>Workshop_Sitzball - unikat4you<\/title>\n<meta name=\"robots\" content=\"index, follow, max-snippet:-1, max-image-preview:large, max-video-preview:-1\" \/>\n<link rel=\"canonical\" href=\"https:\/\/unikat4you.ch\/?page_id=69\" \/>\n<meta property=\"og:locale\" content=\"de_DE\" \/>\n<meta property=\"og:type\" content=\"article\" \/>\n<meta property=\"og:title\" content=\"Workshop_Sitzball - unikat4you\" \/>\n<meta property=\"og:description\" content=\"Sitzball kreieren Umfang und Preis 4 Stunden Stoffdesign-Workshop, jeweils in Kleingruppe mit maximal 4 Teilnehmenden kosten 120 Franken. F\u00fcr das N\u00e4hkit mit deinem Design bedrucktem Velours Kunstleder, N\u00e4hmaterial, Gymnastikball mit Pumpe und einer ausf\u00fchrlichen N\u00e4hanleitung bezahlst du zus\u00e4tzlich 120 Franken. Du l\u00e4sst den Sitzball mit deinem Design von unikat4you produzieren. Dieses kostet zum Stoffdesign-Workshop nochmals &hellip; Continue reading &quot;Workshop_Sitzball&quot;\" \/>\n<meta property=\"og:url\" content=\"https:\/\/unikat4you.ch\/?page_id=69\" \/>\n<meta property=\"og:site_name\" content=\"unikat4you\" \/>\n<meta property=\"article:modified_time\" content=\"2024-11-21T09:38:18+00:00\" \/>\n<meta name=\"twitter:card\" content=\"summary_large_image\" \/>\n<meta name=\"twitter:label1\" content=\"Gesch\u00e4tzte Lesezeit\" \/>\n\t<meta name=\"twitter:data1\" content=\"2\u00a0Minuten\" \/>\n<script type=\"application\/ld+json\" class=\"yoast-schema-graph\">{\"@context\":\"https:\/\/schema.org\",\"@graph\":[{\"@type\":\"WebSite\",\"@id\":\"https:\/\/unikat4you.ch\/#website\",\"url\":\"https:\/\/unikat4you.ch\/\",\"name\":\"unikat4you\",\"description\":\"Stoffdesign f\u00fcr dich\",\"potentialAction\":[{\"@type\":\"SearchAction\",\"target\":{\"@type\":\"EntryPoint\",\"urlTemplate\":\"https:\/\/unikat4you.ch\/?s={search_term_string}\"},\"query-input\":\"required name=search_term_string\"}],\"inLanguage\":\"de\"},{\"@type\":\"WebPage\",\"@id\":\"https:\/\/unikat4you.ch\/?page_id=69#webpage\",\"url\":\"https:\/\/unikat4you.ch\/?page_id=69\",\"name\":\"Workshop_Sitzball - unikat4you\",\"isPartOf\":{\"@id\":\"https:\/\/unikat4you.ch\/#website\"},\"datePublished\":\"2022-03-06T14:00:50+00:00\",\"dateModified\":\"2024-11-21T09:38:18+00:00\",\"breadcrumb\":{\"@id\":\"https:\/\/unikat4you.ch\/?page_id=69#breadcrumb\"},\"inLanguage\":\"de\",\"potentialAction\":[{\"@type\":\"ReadAction\",\"target\":[\"https:\/\/unikat4you.ch\/?page_id=69\"]}]},{\"@type\":\"BreadcrumbList\",\"@id\":\"https:\/\/unikat4you.ch\/?page_id=69#breadcrumb\",\"itemListElement\":[{\"@type\":\"ListItem\",\"position\":1,\"name\":\"Startseite\",\"item\":\"https:\/\/unikat4you.ch\/\"},{\"@type\":\"ListItem\",\"position\":2,\"name\":\"Workshop_Sitzball\"}]}]}<\/script>\n<!-- \/ Yoast SEO plugin. -->","yoast_head_json":{"title":"Workshop_Sitzball - unikat4you","robots":{"index":"index","follow":"follow","max-snippet":"max-snippet:-1","max-image-preview":"max-image-preview:large","max-video-preview":"max-video-preview:-1"},"canonical":"https:\/\/unikat4you.ch\/?page_id=69","og_locale":"de_DE","og_type":"article","og_title":"Workshop_Sitzball - unikat4you","og_description":"Sitzball kreieren Umfang und Preis 4 Stunden Stoffdesign-Workshop, jeweils in Kleingruppe mit maximal 4 Teilnehmenden kosten 120 Franken. F\u00fcr das N\u00e4hkit mit deinem Design bedrucktem Velours Kunstleder, N\u00e4hmaterial, Gymnastikball mit Pumpe und einer ausf\u00fchrlichen N\u00e4hanleitung bezahlst du zus\u00e4tzlich 120 Franken. Du l\u00e4sst den Sitzball mit deinem Design von unikat4you produzieren. Dieses kostet zum Stoffdesign-Workshop nochmals &hellip; Continue reading \"Workshop_Sitzball\"","og_url":"https:\/\/unikat4you.ch\/?page_id=69","og_site_name":"unikat4you","article_modified_time":"2024-11-21T09:38:18+00:00","twitter_card":"summary_large_image","twitter_misc":{"Gesch\u00e4tzte Lesezeit":"2\u00a0Minuten"},"schema":{"@context":"https:\/\/schema.org","@graph":[{"@type":"WebSite","@id":"https:\/\/unikat4you.ch\/#website","url":"https:\/\/unikat4you.ch\/","name":"unikat4you","description":"Stoffdesign f\u00fcr dich","potentialAction":[{"@type":"SearchAction","target":{"@type":"EntryPoint","urlTemplate":"https:\/\/unikat4you.ch\/?s={search_term_string}"},"query-input":"required name=search_term_string"}],"inLanguage":"de"},{"@type":"WebPage","@id":"https:\/\/unikat4you.ch\/?page_id=69#webpage","url":"https:\/\/unikat4you.ch\/?page_id=69","name":"Workshop_Sitzball - unikat4you","isPartOf":{"@id":"https:\/\/unikat4you.ch\/#website"},"datePublished":"2022-03-06T14:00:50+00:00","dateModified":"2024-11-21T09:38:18+00:00","breadcrumb":{"@id":"https:\/\/unikat4you.ch\/?page_id=69#breadcrumb"},"inLanguage":"de","potentialAction":[{"@type":"ReadAction","target":["https:\/\/unikat4you.ch\/?page_id=69"]}]},{"@type":"BreadcrumbList","@id":"https:\/\/unikat4you.ch\/?page_id=69#breadcrumb","itemListElement":[{"@type":"ListItem","position":1,"name":"Startseite","item":"https:\/\/unikat4you.ch\/"},{"@type":"ListItem","position":2,"name":"Workshop_Sitzball"}]}]}},"jetpack-related-posts":[{"id":459,"url":"https:\/\/unikat4you.ch\/?page_id=459","url_meta":{"origin":69,"position":0},"title":"gutschein_bestellen","author":"admin","date":"November 21, 2024","format":false,"excerpt":"Gutschein f\u00fcr Kreative bestellen Mit einem Gutschein zu einem Stoffdesign-Workshop schenken Sie kreativen Menschen etwas ganz Spezielles. Schritt f\u00fcr Schritt begleite ich die Workshop-Teilnehmerinnen oder -Teilnehmer am Computer zu ihrem Wunschdesign, welches anschliessend auf eine grosse Auswahl von Stoffen gedruckt werden kann. Anforderungen Um an einem Stoffdesign-Workshop teilnehmen zu k\u00f6nnen,\u2026","rel":"","context":"\u00c4hnlicher Beitrag","block_context":{"text":"\u00c4hnlicher Beitrag","link":""},"img":{"alt_text":"","src":"","width":0,"height":0},"classes":[]},{"id":71,"url":"https:\/\/unikat4you.ch\/?page_id=71","url_meta":{"origin":69,"position":1},"title":"Workshop_Exklusiv","author":"admin","date":"M\u00e4rz 6, 2022","format":false,"excerpt":"Stoffdesign exklusiv f\u00fcr dich Umfang und Preis Die erste Stunde Stoffdesign exklusiv kostet 150 Franken. Jede weitere Stunden kostet 120 Franken. Dabei spielt es keine Rolle, ob du alleine oder mit maximal 4 Personen am Workshop teilnimmst. Abonnemente Wenn du f\u00fcr dein Projekt eine gr\u00f6ssere Anzahl Stunden ben\u00f6tigst, oder sporadisch\u2026","rel":"","context":"\u00c4hnlicher Beitrag","block_context":{"text":"\u00c4hnlicher Beitrag","link":""},"img":{"alt_text":"","src":"","width":0,"height":0},"classes":[]},{"id":64,"url":"https:\/\/unikat4you.ch\/?page_id=64","url_meta":{"origin":69,"position":2},"title":"Workshop_Foulard","author":"admin","date":"M\u00e4rz 6, 2022","format":false,"excerpt":"Stoffdesign f\u00fcr Foulard oder Schal Umfang und Preis 4 Stunden Stoffdesign-Workshop in Kleingruppe von maximal 4 Teilnehmerinnen oder Teilnehmern kosten 120 Franken. Leitung\u00a0 Verena K\u00fcttel Lottenbach \u00abMeine \u00fcber 30j\u00e4hrige Erfahrung als Gestalterin und Ausbildnerin macht es m\u00f6glich, dass du ohne spezielle Vorkenntnisse dein eigenes Stoffdesign am Computer erstellen kannst. Gerne\u2026","rel":"","context":"\u00c4hnlicher Beitrag","block_context":{"text":"\u00c4hnlicher Beitrag","link":""},"img":{"alt_text":"","src":"","width":0,"height":0},"classes":[]},{"id":66,"url":"https:\/\/unikat4you.ch\/?page_id=66","url_meta":{"origin":69,"position":3},"title":"Workshops","author":"admin","date":"M\u00e4rz 6, 2022","format":false,"excerpt":"Liebst du Stoffe? Bist du kreativ? W\u00fcrdest du gerne dein eigenes Stoffdesign kreieren?\u00a0Seit 2015 f\u00fchre ich f\u00fcr bis zu vier Personen Stoffdesign-Workshops durch. Schritt f\u00fcr Schritt begleite ich dich dabei am Computer zu deinem Wunschdesign. Stoffdesign f\u00fcr Foulard oder Schal * Weggis Fr 27.03.2026 * 13:00\u201317:30 Sa 28.03.2026 * 13:00\u201317:30\u2026","rel":"","context":"\u00c4hnlicher Beitrag","block_context":{"text":"\u00c4hnlicher Beitrag","link":""},"img":{"alt_text":"","src":"","width":0,"height":0},"classes":[]},{"id":73,"url":"https:\/\/unikat4you.ch\/?page_id=73","url_meta":{"origin":69,"position":4},"title":"Shop","author":"admin","date":"M\u00e4rz 6, 2022","format":false,"excerpt":"Immer wenn es meine Zeit erlaubt, kreiere ich kleine Serien mit einmaligem Stoffdesign. So entstehen laufend\u00a0 neue Sitzb\u00e4lle, Neopren-N\u00e9cessaire, Neopren-Laptoph\u00fcllen, Trinkflaschen mit Neopren-M\u00e4nt\u00e4li und einmalige Schals und Foulards. Jedes St\u00fcck wird lediglich ein einziges Mal produziert.Wenn dir ein Produkt gef\u00e4llt und du in der Schweiz wohnst, schicke ich es dir\u2026","rel":"","context":"\u00c4hnlicher Beitrag","block_context":{"text":"\u00c4hnlicher Beitrag","link":""},"img":{"alt_text":"","src":"","width":0,"height":0},"classes":[]},{"id":68,"url":"https:\/\/unikat4you.ch\/","url_meta":{"origin":69,"position":5},"title":"Aktuell","author":"admin","date":"M\u00e4rz 6, 2022","format":false,"excerpt":"Gutschein \u2013 das Geschenk f\u00fcr Kreative Mit einem Gutschein zu einem Stoffdesign-Workshop schenken Sie kreativen Menschen etwas ganz Besonderes. mehr \u00fcber Guscheine erfahren Eigenes Stoffdesign Ohne spezielle Vorkenntnisse kannst auch du \u00abdein\u00bb Stoffdesign am Computer erstellen. Dabei helfe ich dir Schritt f\u00fcr Schritt. Workshop-Daten Stoffprints In meinem \u00abShowroom\u00bb in Weggis\u2026","rel":"","context":"\u00c4hnlicher Beitrag","block_context":{"text":"\u00c4hnlicher Beitrag","link":""},"img":{"alt_text":"","src":"","width":0,"height":0},"classes":[]}],"_links":{"self":[{"href":"https:\/\/unikat4you.ch\/index.php?rest_route=\/wp\/v2\/pages\/69","targetHints":{"allow":["GET"]}}],"collection":[{"href":"https:\/\/unikat4you.ch\/index.php?rest_route=\/wp\/v2\/pages"}],"about":[{"href":"https:\/\/unikat4you.ch\/index.php?rest_route=\/wp\/v2\/types\/page"}],"author":[{"embeddable":true,"href":"https:\/\/unikat4you.ch\/index.php?rest_route=\/wp\/v2\/users\/1"}],"replies":[{"embeddable":true,"href":"https:\/\/unikat4you.ch\/index.php?rest_route=%2Fwp%2Fv2%2Fcomments&post=69"}],"version-history":[{"count":9,"href":"https:\/\/unikat4you.ch\/index.php?rest_route=\/wp\/v2\/pages\/69\/revisions"}],"predecessor-version":[{"id":458,"href":"https:\/\/unikat4you.ch\/index.php?rest_route=\/wp\/v2\/pages\/69\/revisions\/458"}],"wp:attachment":[{"href":"https:\/\/unikat4you.ch\/index.php?rest_route=%2Fwp%2Fv2%2Fmedia&parent=69"}],"curies":[{"name":"wp","href":"https:\/\/api.w.org\/{rel}","templated":true}]}}