{"id":67,"date":"2022-03-06T14:00:48","date_gmt":"2022-03-06T14:00:48","guid":{"rendered":"https:\/\/www.unikat4you.ch\/?page_id=67"},"modified":"2024-01-06T23:03:03","modified_gmt":"2024-01-06T23:03:03","slug":"kontakt","status":"publish","type":"page","link":"https:\/\/unikat4you.ch\/?page_id=67","title":{"rendered":"Kontakt"},"content":{"rendered":"\n    \n    <section class=\"u-align-center-lg u-align-center-md u-align-center-xl u-align-left-sm u-align-left-xs u-clearfix u-section-2\" id=\"sec-2a32\">\n      <div class=\"u-clearfix u-sheet u-sheet-1\">\n        <div class=\"u-clearfix u-gutter-0 u-layout-wrap u-layout-wrap-1\">\n          <div class=\"u-gutter-0 u-layout\" style=\"\">\n            <div class=\"u-layout-col\" style=\"\">\n              <div class=\"u-align-left u-container-style u-layout-cell u-opacity u-opacity-50 u-size-30 u-white u-layout-cell-1\">\n                <div class=\"u-container-layout u-container-layout-1\">\n                  <p class=\"u-text u-text-1\">unikat4you<br>Hertensteinstrasse 124<br>6353 Weggis<br>\n                    <br>041 391 01 44 oder&nbsp;078 845 39 66<br>\n                  <\/p>\n                  <p class=\"u-text u-text-2\">\n                    <a href=\"mailto:verena.kuettel@unikat4you.ch?subject=Anfrage%20aus%20Webauftritt\" class=\"u-active-none u-border-none u-btn u-button-link u-button-style u-custom-font u-hover-none u-none u-text-body-color u-btn-1\">verena.kuettel@unikat4you.ch<\/a>\n                  <\/p>\n                <\/div>\n              <\/div>\n              <div class=\"u-align-left u-container-style u-image u-layout-cell u-opacity u-opacity-50 u-size-30 u-image-1\" data-image-width=\"600\" data-image-height=\"600\" style=\"background-image: url(&quot;https:\/\/unikat4you.ch\/wp-content\/uploads\/2022\/03\/unikat4you_stoffdesign_turnbeutell.jpg&quot;);\">\n                <div class=\"u-container-layout u-container-layout-2\"><\/div>\n              <\/div>\n            <\/div>\n          <\/div>\n        <\/div>\n      <\/div>\n    <\/section>\n    \n    \n  \n","protected":false},"excerpt":{"rendered":"<p>unikat4youHertensteinstrasse 1246353 Weggis 041 391 01 44 oder&nbsp;078 845 39 66 verena.kuettel@unikat4you.ch<\/p>\n","protected":false},"author":1,"featured_media":0,"parent":0,"menu_order":8,"comment_status":"closed","ping_status":"closed","template":"","meta":{"footnotes":""},"class_list":["post-67","page","type-page","status-publish","hentry"],"yoast_head":"<!-- This site is optimized with the Yoast SEO plugin v18.2 - https:\/\/yoast.com\/wordpress\/plugins\/seo\/ -->\n<title>Kontakt - unikat4you<\/title>\n<meta name=\"robots\" content=\"index, follow, max-snippet:-1, max-image-preview:large, max-video-preview:-1\" \/>\n<link rel=\"canonical\" href=\"https:\/\/unikat4you.ch\/?page_id=67\" \/>\n<meta property=\"og:locale\" content=\"de_DE\" \/>\n<meta property=\"og:type\" content=\"article\" \/>\n<meta property=\"og:title\" content=\"Kontakt - unikat4you\" \/>\n<meta property=\"og:description\" content=\"unikat4youHertensteinstrasse 1246353 Weggis 041 391 01 44 oder&nbsp;078 845 39 66 verena.kuettel@unikat4you.ch\" \/>\n<meta property=\"og:url\" content=\"https:\/\/unikat4you.ch\/?page_id=67\" \/>\n<meta property=\"og:site_name\" content=\"unikat4you\" \/>\n<meta property=\"article:modified_time\" content=\"2024-01-06T23:03:03+00:00\" \/>\n<meta name=\"twitter:card\" content=\"summary_large_image\" \/>\n<script type=\"application\/ld+json\" class=\"yoast-schema-graph\">{\"@context\":\"https:\/\/schema.org\",\"@graph\":[{\"@type\":\"WebSite\",\"@id\":\"https:\/\/unikat4you.ch\/#website\",\"url\":\"https:\/\/unikat4you.ch\/\",\"name\":\"unikat4you\",\"description\":\"Stoffdesign f\u00fcr dich\",\"potentialAction\":[{\"@type\":\"SearchAction\",\"target\":{\"@type\":\"EntryPoint\",\"urlTemplate\":\"https:\/\/unikat4you.ch\/?s={search_term_string}\"},\"query-input\":\"required name=search_term_string\"}],\"inLanguage\":\"de\"},{\"@type\":\"WebPage\",\"@id\":\"https:\/\/unikat4you.ch\/?page_id=67#webpage\",\"url\":\"https:\/\/unikat4you.ch\/?page_id=67\",\"name\":\"Kontakt - unikat4you\",\"isPartOf\":{\"@id\":\"https:\/\/unikat4you.ch\/#website\"},\"datePublished\":\"2022-03-06T14:00:48+00:00\",\"dateModified\":\"2024-01-06T23:03:03+00:00\",\"breadcrumb\":{\"@id\":\"https:\/\/unikat4you.ch\/?page_id=67#breadcrumb\"},\"inLanguage\":\"de\",\"potentialAction\":[{\"@type\":\"ReadAction\",\"target\":[\"https:\/\/unikat4you.ch\/?page_id=67\"]}]},{\"@type\":\"BreadcrumbList\",\"@id\":\"https:\/\/unikat4you.ch\/?page_id=67#breadcrumb\",\"itemListElement\":[{\"@type\":\"ListItem\",\"position\":1,\"name\":\"Startseite\",\"item\":\"https:\/\/unikat4you.ch\/\"},{\"@type\":\"ListItem\",\"position\":2,\"name\":\"Kontakt\"}]}]}<\/script>\n<!-- \/ Yoast SEO plugin. -->","yoast_head_json":{"title":"Kontakt - unikat4you","robots":{"index":"index","follow":"follow","max-snippet":"max-snippet:-1","max-image-preview":"max-image-preview:large","max-video-preview":"max-video-preview:-1"},"canonical":"https:\/\/unikat4you.ch\/?page_id=67","og_locale":"de_DE","og_type":"article","og_title":"Kontakt - unikat4you","og_description":"unikat4youHertensteinstrasse 1246353 Weggis 041 391 01 44 oder&nbsp;078 845 39 66 verena.kuettel@unikat4you.ch","og_url":"https:\/\/unikat4you.ch\/?page_id=67","og_site_name":"unikat4you","article_modified_time":"2024-01-06T23:03:03+00:00","twitter_card":"summary_large_image","schema":{"@context":"https:\/\/schema.org","@graph":[{"@type":"WebSite","@id":"https:\/\/unikat4you.ch\/#website","url":"https:\/\/unikat4you.ch\/","name":"unikat4you","description":"Stoffdesign f\u00fcr dich","potentialAction":[{"@type":"SearchAction","target":{"@type":"EntryPoint","urlTemplate":"https:\/\/unikat4you.ch\/?s={search_term_string}"},"query-input":"required name=search_term_string"}],"inLanguage":"de"},{"@type":"WebPage","@id":"https:\/\/unikat4you.ch\/?page_id=67#webpage","url":"https:\/\/unikat4you.ch\/?page_id=67","name":"Kontakt - unikat4you","isPartOf":{"@id":"https:\/\/unikat4you.ch\/#website"},"datePublished":"2022-03-06T14:00:48+00:00","dateModified":"2024-01-06T23:03:03+00:00","breadcrumb":{"@id":"https:\/\/unikat4you.ch\/?page_id=67#breadcrumb"},"inLanguage":"de","potentialAction":[{"@type":"ReadAction","target":["https:\/\/unikat4you.ch\/?page_id=67"]}]},{"@type":"BreadcrumbList","@id":"https:\/\/unikat4you.ch\/?page_id=67#breadcrumb","itemListElement":[{"@type":"ListItem","position":1,"name":"Startseite","item":"https:\/\/unikat4you.ch\/"},{"@type":"ListItem","position":2,"name":"Kontakt"}]}]}},"jetpack-related-posts":[{"id":62,"url":"https:\/\/unikat4you.ch\/?page_id=62","url_meta":{"origin":67,"position":0},"title":"Impressum_Datenschutz","author":"admin","date":"M\u00e4rz 6, 2022","format":false,"excerpt":"Copyright Layout, Text und Bilder wurden von Verena K\u00fcttel Lottenbach, unikat4you, erstellt und d\u00fcrfen ohne Einverst\u00e4ndnis der Urheberin nicht kopiert oder verwendet werden.\u00a0 \u00a0\u00a0 Kontakt:Verena K\u00fcttel LottenbachHertensteinstrasse 1246353 Weggis\u00a0+41 41 391 01 44info@unikat4you.ch Haftungsausschluss Die Inhalte und Links in diesem Internetauftritt werden laufend gepr\u00fcft. F\u00fcr Sch\u00e4den, die durch das Nutzen\u2026","rel":"","context":"\u00c4hnlicher Beitrag","block_context":{"text":"\u00c4hnlicher Beitrag","link":""},"img":{"alt_text":"","src":"","width":0,"height":0},"classes":[]},{"id":66,"url":"https:\/\/unikat4you.ch\/?page_id=66","url_meta":{"origin":67,"position":1},"title":"Workshops","author":"admin","date":"M\u00e4rz 6, 2022","format":false,"excerpt":"Liebst du Stoffe? Bist du kreativ? W\u00fcrdest du gerne dein eigenes Stoffdesign kreieren?\u00a0Seit 2015 f\u00fchre ich f\u00fcr bis zu vier Personen Stoffdesign-Workshops durch. Schritt f\u00fcr Schritt begleite ich dich dabei am Computer zu deinem Wunschdesign. Stoffdesign f\u00fcr Foulard oder Schal * Weggis Fr 27.03.2026 * 13:00\u201317:30 Sa 28.03.2026 * 13:00\u201317:30\u2026","rel":"","context":"\u00c4hnlicher Beitrag","block_context":{"text":"\u00c4hnlicher Beitrag","link":""},"img":{"alt_text":"","src":"","width":0,"height":0},"classes":[]},{"id":68,"url":"https:\/\/unikat4you.ch\/","url_meta":{"origin":67,"position":2},"title":"Aktuell","author":"admin","date":"M\u00e4rz 6, 2022","format":false,"excerpt":"Gutschein \u2013 das Geschenk f\u00fcr Kreative Mit einem Gutschein zu einem Stoffdesign-Workshop schenken Sie kreativen Menschen etwas ganz Besonderes. mehr \u00fcber Guscheine erfahren Eigenes Stoffdesign Ohne spezielle Vorkenntnisse kannst auch du \u00abdein\u00bb Stoffdesign am Computer erstellen. Dabei helfe ich dir Schritt f\u00fcr Schritt. Workshop-Daten Stoffprints In meinem \u00abShowroom\u00bb in Weggis\u2026","rel":"","context":"\u00c4hnlicher Beitrag","block_context":{"text":"\u00c4hnlicher Beitrag","link":""},"img":{"alt_text":"","src":"","width":0,"height":0},"classes":[]},{"id":69,"url":"https:\/\/unikat4you.ch\/?page_id=69","url_meta":{"origin":67,"position":3},"title":"Workshop_Sitzball","author":"admin","date":"M\u00e4rz 6, 2022","format":false,"excerpt":"Sitzball kreieren Umfang und Preis 4 Stunden Stoffdesign-Workshop, jeweils in Kleingruppe mit maximal 4 Teilnehmenden kosten 120 Franken. F\u00fcr das N\u00e4hkit mit deinem Design bedrucktem Velours Kunstleder, N\u00e4hmaterial, Gymnastikball mit Pumpe und einer ausf\u00fchrlichen N\u00e4hanleitung bezahlst du zus\u00e4tzlich 120 Franken. Du l\u00e4sst den Sitzball mit deinem Design von unikat4you produzieren.\u2026","rel":"","context":"\u00c4hnlicher Beitrag","block_context":{"text":"\u00c4hnlicher Beitrag","link":""},"img":{"alt_text":"","src":"","width":0,"height":0},"classes":[]},{"id":71,"url":"https:\/\/unikat4you.ch\/?page_id=71","url_meta":{"origin":67,"position":4},"title":"Workshop_Exklusiv","author":"admin","date":"M\u00e4rz 6, 2022","format":false,"excerpt":"Stoffdesign exklusiv f\u00fcr dich Umfang und Preis Die erste Stunde Stoffdesign exklusiv kostet 150 Franken. Jede weitere Stunden kostet 120 Franken. Dabei spielt es keine Rolle, ob du alleine oder mit maximal 4 Personen am Workshop teilnimmst. Abonnemente Wenn du f\u00fcr dein Projekt eine gr\u00f6ssere Anzahl Stunden ben\u00f6tigst, oder sporadisch\u2026","rel":"","context":"\u00c4hnlicher Beitrag","block_context":{"text":"\u00c4hnlicher Beitrag","link":""},"img":{"alt_text":"","src":"","width":0,"height":0},"classes":[]},{"id":63,"url":"https:\/\/unikat4you.ch\/?page_id=63","url_meta":{"origin":67,"position":5},"title":"Stoffprints","author":"admin","date":"M\u00e4rz 6, 2022","format":false,"excerpt":"Das eigene Design auf den Stoff zu bringen ist immer wieder ein Highlight in meiner T\u00e4tigkeit. Je nach Projekt kann das Stoffdesign auf Seide, Wolle, Baumwolle, Leinen, Tencel, Neopren, recyclierte synthetische Stoffe oder Kunstleder in verschiedenen Ausf\u00fchrungen gedruckt werden. Der bedruckte Laufmeter Stoff kostet zwischen 40 und 90 Franken.\u00a0 In\u2026","rel":"","context":"\u00c4hnlicher Beitrag","block_context":{"text":"\u00c4hnlicher Beitrag","link":""},"img":{"alt_text":"","src":"","width":0,"height":0},"classes":[]}],"_links":{"self":[{"href":"https:\/\/unikat4you.ch\/index.php?rest_route=\/wp\/v2\/pages\/67","targetHints":{"allow":["GET"]}}],"collection":[{"href":"https:\/\/unikat4you.ch\/index.php?rest_route=\/wp\/v2\/pages"}],"about":[{"href":"https:\/\/unikat4you.ch\/index.php?rest_route=\/wp\/v2\/types\/page"}],"author":[{"embeddable":true,"href":"https:\/\/unikat4you.ch\/index.php?rest_route=\/wp\/v2\/users\/1"}],"replies":[{"embeddable":true,"href":"https:\/\/unikat4you.ch\/index.php?rest_route=%2Fwp%2Fv2%2Fcomments&post=67"}],"version-history":[{"count":2,"href":"https:\/\/unikat4you.ch\/index.php?rest_route=\/wp\/v2\/pages\/67\/revisions"}],"predecessor-version":[{"id":352,"href":"https:\/\/unikat4you.ch\/index.php?rest_route=\/wp\/v2\/pages\/67\/revisions\/352"}],"wp:attachment":[{"href":"https:\/\/unikat4you.ch\/index.php?rest_route=%2Fwp%2Fv2%2Fmedia&parent=67"}],"curies":[{"name":"wp","href":"https:\/\/api.w.org\/{rel}","templated":true}]}}