{"id":66,"date":"2022-03-06T14:00:47","date_gmt":"2022-03-06T14:00:47","guid":{"rendered":"https:\/\/www.unikat4you.ch\/?page_id=66"},"modified":"2026-02-15T22:02:10","modified_gmt":"2026-02-15T22:02:10","slug":"workshops","status":"publish","type":"page","link":"https:\/\/unikat4you.ch\/?page_id=66","title":{"rendered":"Workshops"},"content":{"rendered":"\n    \n    <section class=\"u-align-center u-clearfix u-section-2\" id=\"sec-2a32\">\n      <div class=\"u-clearfix u-sheet u-sheet-1\">\n        <div class=\"u-clearfix u-expanded-width u-gutter-0 u-layout-wrap u-layout-wrap-1\">\n          <div class=\"u-layout\" style=\"\">\n            <div class=\"u-layout-row\" style=\"\">\n              <div class=\"u-align-left u-container-style u-layout-cell u-opacity u-opacity-50 u-size-60 u-white u-layout-cell-1\">\n                <div class=\"u-container-layout u-valign-top u-container-layout-1\">\n                  <p class=\"u-align-left u-text u-text-1\"> Liebst du Stoffe? Bist du kreativ? W\u00fcrdest du gerne dein eigenes Stoffdesign\nkreieren?&nbsp;<br>Seit 2015 f\u00fchre ich f\u00fcr bis zu vier Personen\nStoffdesign-Workshops durch. Schritt f\u00fcr Schritt begleite ich dich dabei am\nComputer zu deinem Wunschdesign.<br>\n                  <\/p>\n                <\/div>\n              <\/div>\n            <\/div>\n          <\/div>\n        <\/div>\n        <div class=\"u-clearfix u-expanded-width u-gutter-0 u-layout-wrap u-layout-wrap-2\">\n          <div class=\"u-gutter-0 u-layout\" style=\"\">\n            <div class=\"u-layout-col\" style=\"\">\n              <div class=\"u-size-60\" style=\"\">\n                <div class=\"u-layout-row\" style=\"\">\n                  <div class=\"u-size-35\">\n                    <div class=\"u-layout-col\">\n                      <div class=\"u-container-style u-image u-layout-cell u-size-60 u-image-1\" data-image-width=\"509\" data-image-height=\"905\" style=\"background-image: url(&quot;https:\/\/unikat4you.ch\/wp-content\/uploads\/2022\/03\/unikat4you_stoffdesign_weggis.jpg&quot;);\">\n                        <div class=\"u-container-layout u-container-layout-2\"><\/div>\n                      <\/div>\n                    <\/div>\n                  <\/div>\n                  <div class=\"u-size-25\" style=\"\">\n                    <div class=\"u-layout-row\" style=\"\">\n                      <div class=\"u-align-left u-container-style u-layout-cell u-opacity u-opacity-50 u-size-60 u-white u-layout-cell-3\">\n                        <div class=\"u-container-layout u-container-layout-3\">\n                          <h3 class=\"u-text u-text-2\">Stoffdesign f\u00fcr Foulard oder Schal * Weggis<\/h3>\n                          <br>\n                          <ul class=\"u-text u-text-3\">\n                            <li>Fr 27.03.2026 * 13:00\u201317:30<\/li>\n                            <li>Sa 28.03.2026 * 13:00\u201317:30<\/li>\n                            <li>Fr 26.06.2026 * 13:00\u201317:30<\/li>\n                            <li>Sa 27.06.2026 * 13:00\u201317:30<\/li>\n                            <li>Fr 04.09.2026 * 13:00\u201317:30<\/li>\n                            <li>Sa 05.09.2026 * 13:00\u201317:30<\/li>\n                            <li>Fr 13.11.2026 * 13:00\u201317:30<\/li>\n                            <li>Sa 14.11.2026 * 13:00\u201317:30<br>\n                              <br>\n                            <\/li>\n                          <\/ul>\n                          <a href=\"https:\/\/unikat4you.ch\/?page_id=64\" class=\"u-active-white u-border-2 u-border-black u-btn u-button-style u-hover-black u-white u-btn-1\">Detailinfos<\/a>\n                        <\/div>\n                      <\/div>\n                    <\/div>\n                  <\/div>\n                <\/div>\n              <\/div>\n            <\/div>\n          <\/div>\n        <\/div>\n        <div class=\"u-clearfix u-expanded-width u-gutter-0 u-layout-wrap u-layout-wrap-3\">\n          <div class=\"u-layout\">\n            <div class=\"u-layout-row\">\n              <div class=\"u-container-style u-image u-layout-cell u-size-35 u-image-2\" data-image-width=\"800\" data-image-height=\"400\" style=\"background-image: url(&quot;https:\/\/unikat4you.ch\/wp-content\/uploads\/2022\/03\/unikat4you_workshop_stoffprint_karin.jpg&quot;);\">\n                <div class=\"u-container-layout u-container-layout-4\"><\/div>\n              <\/div>\n              <div class=\"u-align-left u-container-style u-layout-cell u-opacity u-opacity-50 u-size-25 u-white u-layout-cell-5\">\n                <div class=\"u-container-layout u-container-layout-5\">\n                  <h3 class=\"u-align-left u-text u-text-4\"> Stoffdesign&nbsp;<br>f\u00fcr Foulard oder Schal * Basel\n                  <\/h3>\n                  <ul class=\"u-align-left u-text u-text-5\">\n                    <li>auf Anfrage m\u00f6glich<\/li>\n                  <\/ul>\n                  <a href=\"https:\/\/www.mode-gestaltung.ch\/kursuebersicht\/?sc=verena+k%C3%BCttel\" class=\"u-active-white u-border-2 u-border-black u-btn u-button-style u-hover-black u-white u-btn-2\" target=\"_blank\">Detailinfos<\/a>\n                <\/div>\n              <\/div>\n            <\/div>\n          <\/div>\n        <\/div>\n        <div class=\"u-clearfix u-expanded-width u-gutter-0 u-layout-wrap u-layout-wrap-4\">\n          <div class=\"u-layout\" style=\"\">\n            <div class=\"u-layout-row\" style=\"\">\n              <div class=\"u-size-35\">\n                <div class=\"u-layout-col\">\n                  <div class=\"u-container-style u-image u-layout-cell u-size-60 u-image-3\" data-image-width=\"600\" data-image-height=\"600\" style=\"background-image: url(&quot;https:\/\/unikat4you.ch\/wp-content\/uploads\/2022\/03\/sitzball_unikat4you_primel.jpg&quot;);\">\n                    <div class=\"u-container-layout u-container-layout-6\"><\/div>\n                  <\/div>\n                <\/div>\n              <\/div>\n              <div class=\"u-size-25\" style=\"\">\n                <div class=\"u-layout-col\" style=\"\">\n                  <div class=\"u-align-left u-container-style u-layout-cell u-opacity u-opacity-50 u-size-60 u-white u-layout-cell-7\">\n                    <div class=\"u-container-layout u-container-layout-7\">\n                      <h3 class=\"u-align-left u-text u-text-6\">Sitzball kreieren * Weggis<\/h3>\n                      <ul class=\"u-text u-text-7\">\n                        <li> Fr 27.03.2026 * 13:00\u201317:30<\/li>\n                        <li>Sa 28.03.2026 * 13:00\u201317:30<\/li>\n                        <li>Fr 26.06.2026 * 13:00\u201317:30<\/li>\n                        <li>Sa 27.06.2026 * 13:00\u201317:30<\/li>\n                        <li>Fr 04.09.2026 * 13:00\u201317:30<\/li>\n                        <li>Sa 05.09.2026 * 13:00\u201317:30<\/li>\n                        <li>Fr 13.11.2026 * 13:00\u201317:30<\/li>\n                        <li>Sa 14.11.2026 * 13:00\u201317:30<br>\n                          <br>\n                        <\/li>\n                      <\/ul>\n                      <a href=\"https:\/\/unikat4you.ch\/?page_id=69\" class=\"u-border-2 u-border-black u-btn u-button-style u-hover-black u-white u-btn-3\">Detailinfos<\/a>\n                    <\/div>\n                  <\/div>\n                <\/div>\n              <\/div>\n            <\/div>\n          <\/div>\n        <\/div>\n        <div class=\"u-clearfix u-expanded-width u-gutter-0 u-layout-wrap u-layout-wrap-5\">\n          <div class=\"u-layout\">\n            <div class=\"u-layout-row\">\n              <div class=\"u-container-style u-image u-layout-cell u-size-35 u-image-4\" data-image-width=\"900\" data-image-height=\"600\" style=\"background-image: url(&quot;https:\/\/unikat4you.ch\/wp-content\/uploads\/2022\/03\/workshop_exklusiv_stoffdesign_unikat4you.jpg&quot;);\">\n                <div class=\"u-container-layout u-expanded u-container-layout-8\"><\/div>\n              <\/div>\n              <div class=\"u-align-left u-container-style u-layout-cell u-opacity u-opacity-50 u-size-25 u-white u-layout-cell-9\">\n                <div class=\"u-container-layout u-expanded u-container-layout-9\">\n                  <h3 class=\"u-align-left u-text u-text-8\">Dein eigenes Stoffdesign * Weggis<\/h3>\n                  <p class=\"u-align-left u-text u-text-9\">Du hast ein eigenes Projekt und m\u00f6chtest deinen eigenen Stoff designen? Dann ist ein individueller Workshop f\u00fcr Einzelpersonen das Richtige.<br>\n                  <\/p>\n                  <a href=\"https:\/\/unikat4you.ch\/?page_id=71\" class=\"u-active-white u-border-2 u-border-black u-btn u-button-style u-hover-black u-white u-btn-4\">Detailinfos<\/a>\n                <\/div>\n              <\/div>\n            <\/div>\n          <\/div>\n        <\/div>\n      <\/div>\n    <\/section>\n    \n    \n  \n","protected":false},"excerpt":{"rendered":"<p>Liebst du Stoffe? Bist du kreativ? W\u00fcrdest du gerne dein eigenes Stoffdesign kreieren?&nbsp;Seit 2015 f\u00fchre ich f\u00fcr bis zu vier Personen Stoffdesign-Workshops durch. Schritt f\u00fcr Schritt begleite ich dich dabei am Computer zu deinem Wunschdesign. Stoffdesign f\u00fcr Foulard oder Schal * Weggis Fr 27.03.2026 * 13:00\u201317:30 Sa 28.03.2026 * 13:00\u201317:30 Fr 26.06.2026 * 13:00\u201317:30 Sa &hellip; <a href=\"https:\/\/unikat4you.ch\/?page_id=66\" class=\"more-link\">Continue reading<span class=\"screen-reader-text\"> &#8222;Workshops&#8220;<\/span><\/a><\/p>\n","protected":false},"author":1,"featured_media":0,"parent":0,"menu_order":2,"comment_status":"closed","ping_status":"closed","template":"","meta":{"footnotes":""},"class_list":["post-66","page","type-page","status-publish","hentry"],"yoast_head":"<!-- This site is optimized with the Yoast SEO plugin v18.2 - https:\/\/yoast.com\/wordpress\/plugins\/seo\/ -->\n<title>Workshops - unikat4you<\/title>\n<meta name=\"robots\" content=\"index, follow, max-snippet:-1, max-image-preview:large, max-video-preview:-1\" \/>\n<link rel=\"canonical\" href=\"https:\/\/unikat4you.ch\/?page_id=66\" \/>\n<meta property=\"og:locale\" content=\"de_DE\" \/>\n<meta property=\"og:type\" content=\"article\" \/>\n<meta property=\"og:title\" content=\"Workshops - unikat4you\" \/>\n<meta property=\"og:description\" content=\"Liebst du Stoffe? Bist du kreativ? W\u00fcrdest du gerne dein eigenes Stoffdesign kreieren?&nbsp;Seit 2015 f\u00fchre ich f\u00fcr bis zu vier Personen Stoffdesign-Workshops durch. Schritt f\u00fcr Schritt begleite ich dich dabei am Computer zu deinem Wunschdesign. Stoffdesign f\u00fcr Foulard oder Schal * Weggis Fr 27.03.2026 * 13:00\u201317:30 Sa 28.03.2026 * 13:00\u201317:30 Fr 26.06.2026 * 13:00\u201317:30 Sa &hellip; Continue reading &quot;Workshops&quot;\" \/>\n<meta property=\"og:url\" content=\"https:\/\/unikat4you.ch\/?page_id=66\" \/>\n<meta property=\"og:site_name\" content=\"unikat4you\" \/>\n<meta property=\"article:modified_time\" content=\"2026-02-15T22:02:10+00:00\" \/>\n<meta name=\"twitter:card\" content=\"summary_large_image\" \/>\n<meta name=\"twitter:label1\" content=\"Gesch\u00e4tzte Lesezeit\" \/>\n\t<meta name=\"twitter:data1\" content=\"1\u00a0Minute\" \/>\n<script type=\"application\/ld+json\" class=\"yoast-schema-graph\">{\"@context\":\"https:\/\/schema.org\",\"@graph\":[{\"@type\":\"WebSite\",\"@id\":\"https:\/\/unikat4you.ch\/#website\",\"url\":\"https:\/\/unikat4you.ch\/\",\"name\":\"unikat4you\",\"description\":\"Stoffdesign f\u00fcr dich\",\"potentialAction\":[{\"@type\":\"SearchAction\",\"target\":{\"@type\":\"EntryPoint\",\"urlTemplate\":\"https:\/\/unikat4you.ch\/?s={search_term_string}\"},\"query-input\":\"required name=search_term_string\"}],\"inLanguage\":\"de\"},{\"@type\":\"WebPage\",\"@id\":\"https:\/\/unikat4you.ch\/?page_id=66#webpage\",\"url\":\"https:\/\/unikat4you.ch\/?page_id=66\",\"name\":\"Workshops - unikat4you\",\"isPartOf\":{\"@id\":\"https:\/\/unikat4you.ch\/#website\"},\"datePublished\":\"2022-03-06T14:00:47+00:00\",\"dateModified\":\"2026-02-15T22:02:10+00:00\",\"breadcrumb\":{\"@id\":\"https:\/\/unikat4you.ch\/?page_id=66#breadcrumb\"},\"inLanguage\":\"de\",\"potentialAction\":[{\"@type\":\"ReadAction\",\"target\":[\"https:\/\/unikat4you.ch\/?page_id=66\"]}]},{\"@type\":\"BreadcrumbList\",\"@id\":\"https:\/\/unikat4you.ch\/?page_id=66#breadcrumb\",\"itemListElement\":[{\"@type\":\"ListItem\",\"position\":1,\"name\":\"Startseite\",\"item\":\"https:\/\/unikat4you.ch\/\"},{\"@type\":\"ListItem\",\"position\":2,\"name\":\"Workshops\"}]}]}<\/script>\n<!-- \/ Yoast SEO plugin. -->","yoast_head_json":{"title":"Workshops - unikat4you","robots":{"index":"index","follow":"follow","max-snippet":"max-snippet:-1","max-image-preview":"max-image-preview:large","max-video-preview":"max-video-preview:-1"},"canonical":"https:\/\/unikat4you.ch\/?page_id=66","og_locale":"de_DE","og_type":"article","og_title":"Workshops - unikat4you","og_description":"Liebst du Stoffe? Bist du kreativ? W\u00fcrdest du gerne dein eigenes Stoffdesign kreieren?&nbsp;Seit 2015 f\u00fchre ich f\u00fcr bis zu vier Personen Stoffdesign-Workshops durch. Schritt f\u00fcr Schritt begleite ich dich dabei am Computer zu deinem Wunschdesign. Stoffdesign f\u00fcr Foulard oder Schal * Weggis Fr 27.03.2026 * 13:00\u201317:30 Sa 28.03.2026 * 13:00\u201317:30 Fr 26.06.2026 * 13:00\u201317:30 Sa &hellip; Continue reading \"Workshops\"","og_url":"https:\/\/unikat4you.ch\/?page_id=66","og_site_name":"unikat4you","article_modified_time":"2026-02-15T22:02:10+00:00","twitter_card":"summary_large_image","twitter_misc":{"Gesch\u00e4tzte Lesezeit":"1\u00a0Minute"},"schema":{"@context":"https:\/\/schema.org","@graph":[{"@type":"WebSite","@id":"https:\/\/unikat4you.ch\/#website","url":"https:\/\/unikat4you.ch\/","name":"unikat4you","description":"Stoffdesign f\u00fcr dich","potentialAction":[{"@type":"SearchAction","target":{"@type":"EntryPoint","urlTemplate":"https:\/\/unikat4you.ch\/?s={search_term_string}"},"query-input":"required name=search_term_string"}],"inLanguage":"de"},{"@type":"WebPage","@id":"https:\/\/unikat4you.ch\/?page_id=66#webpage","url":"https:\/\/unikat4you.ch\/?page_id=66","name":"Workshops - unikat4you","isPartOf":{"@id":"https:\/\/unikat4you.ch\/#website"},"datePublished":"2022-03-06T14:00:47+00:00","dateModified":"2026-02-15T22:02:10+00:00","breadcrumb":{"@id":"https:\/\/unikat4you.ch\/?page_id=66#breadcrumb"},"inLanguage":"de","potentialAction":[{"@type":"ReadAction","target":["https:\/\/unikat4you.ch\/?page_id=66"]}]},{"@type":"BreadcrumbList","@id":"https:\/\/unikat4you.ch\/?page_id=66#breadcrumb","itemListElement":[{"@type":"ListItem","position":1,"name":"Startseite","item":"https:\/\/unikat4you.ch\/"},{"@type":"ListItem","position":2,"name":"Workshops"}]}]}},"jetpack-related-posts":[{"id":70,"url":"https:\/\/unikat4you.ch\/?page_id=70","url_meta":{"origin":66,"position":0},"title":"Anmeldeformular_WS_Foulard","author":"admin","date":"M\u00e4rz 6, 2022","format":false,"excerpt":"Mich interessiert der Workshop \u00abStoffdesign f\u00fcr Foulard oder Schal\u00bb.Bitte reserviere mir einen oder mehrere Pl\u00e4tze: Name Adresse Ort Telefon Email Freitag, 27. M\u00e4rz 2026 * 13:00 bis 17:30 Uhr Samstag, 28. M\u00e4rz 2026 * 13:00 bis 17:30 Uhr Freitag, 26. Juni 2026 * 13:00 bis 17:30 Uhr Samstag, 27. Juni\u2026","rel":"","context":"\u00c4hnlicher Beitrag","block_context":{"text":"\u00c4hnlicher Beitrag","link":""},"img":{"alt_text":"","src":"","width":0,"height":0},"classes":[]},{"id":71,"url":"https:\/\/unikat4you.ch\/?page_id=71","url_meta":{"origin":66,"position":1},"title":"Workshop_Exklusiv","author":"admin","date":"M\u00e4rz 6, 2022","format":false,"excerpt":"Stoffdesign exklusiv f\u00fcr dich Umfang und Preis Die erste Stunde Stoffdesign exklusiv kostet 150 Franken. Jede weitere Stunden kostet 120 Franken. Dabei spielt es keine Rolle, ob du alleine oder mit maximal 4 Personen am Workshop teilnimmst. Abonnemente Wenn du f\u00fcr dein Projekt eine gr\u00f6ssere Anzahl Stunden ben\u00f6tigst, oder sporadisch\u2026","rel":"","context":"\u00c4hnlicher Beitrag","block_context":{"text":"\u00c4hnlicher Beitrag","link":""},"img":{"alt_text":"","src":"","width":0,"height":0},"classes":[]},{"id":459,"url":"https:\/\/unikat4you.ch\/?page_id=459","url_meta":{"origin":66,"position":2},"title":"gutschein_bestellen","author":"admin","date":"November 21, 2024","format":false,"excerpt":"Gutschein f\u00fcr Kreative bestellen Mit einem Gutschein zu einem Stoffdesign-Workshop schenken Sie kreativen Menschen etwas ganz Spezielles. Schritt f\u00fcr Schritt begleite ich die Workshop-Teilnehmerinnen oder -Teilnehmer am Computer zu ihrem Wunschdesign, welches anschliessend auf eine grosse Auswahl von Stoffen gedruckt werden kann. Anforderungen Um an einem Stoffdesign-Workshop teilnehmen zu k\u00f6nnen,\u2026","rel":"","context":"\u00c4hnlicher Beitrag","block_context":{"text":"\u00c4hnlicher Beitrag","link":""},"img":{"alt_text":"","src":"","width":0,"height":0},"classes":[]},{"id":64,"url":"https:\/\/unikat4you.ch\/?page_id=64","url_meta":{"origin":66,"position":3},"title":"Workshop_Foulard","author":"admin","date":"M\u00e4rz 6, 2022","format":false,"excerpt":"Stoffdesign f\u00fcr Foulard oder Schal Umfang und Preis 4 Stunden Stoffdesign-Workshop in Kleingruppe von maximal 4 Teilnehmerinnen oder Teilnehmern kosten 120 Franken. Leitung\u00a0 Verena K\u00fcttel Lottenbach \u00abMeine \u00fcber 30j\u00e4hrige Erfahrung als Gestalterin und Ausbildnerin macht es m\u00f6glich, dass du ohne spezielle Vorkenntnisse dein eigenes Stoffdesign am Computer erstellen kannst. Gerne\u2026","rel":"","context":"\u00c4hnlicher Beitrag","block_context":{"text":"\u00c4hnlicher Beitrag","link":""},"img":{"alt_text":"","src":"","width":0,"height":0},"classes":[]},{"id":65,"url":"https:\/\/unikat4you.ch\/?page_id=65","url_meta":{"origin":66,"position":4},"title":"Stories","author":"admin","date":"M\u00e4rz 6, 2022","format":false,"excerpt":"In den Stoffdesign-Workshops lerne ich immer wieder sehr interessante Pers\u00f6nlichkeiten kennen.\u00a0Unter dieser Rubrik werde ich in Zukunft in periodischen Abst\u00e4nde \u00fcber einzelne Kundinnen oder Kunden und ihre Passion berichten. Der inspirierende Seidenschal In dieser Story erf\u00e4hrst du, wie ich \u00fcberhaupt zum Stoffdesign gekommen bin. Story lesen","rel":"","context":"\u00c4hnlicher Beitrag","block_context":{"text":"\u00c4hnlicher Beitrag","link":""},"img":{"alt_text":"","src":"","width":0,"height":0},"classes":[]},{"id":69,"url":"https:\/\/unikat4you.ch\/?page_id=69","url_meta":{"origin":66,"position":5},"title":"Workshop_Sitzball","author":"admin","date":"M\u00e4rz 6, 2022","format":false,"excerpt":"Sitzball kreieren Umfang und Preis 4 Stunden Stoffdesign-Workshop, jeweils in Kleingruppe mit maximal 4 Teilnehmenden kosten 120 Franken. F\u00fcr das N\u00e4hkit mit deinem Design bedrucktem Velours Kunstleder, N\u00e4hmaterial, Gymnastikball mit Pumpe und einer ausf\u00fchrlichen N\u00e4hanleitung bezahlst du zus\u00e4tzlich 120 Franken. Du l\u00e4sst den Sitzball mit deinem Design von unikat4you produzieren.\u2026","rel":"","context":"\u00c4hnlicher Beitrag","block_context":{"text":"\u00c4hnlicher Beitrag","link":""},"img":{"alt_text":"","src":"","width":0,"height":0},"classes":[]}],"_links":{"self":[{"href":"https:\/\/unikat4you.ch\/index.php?rest_route=\/wp\/v2\/pages\/66","targetHints":{"allow":["GET"]}}],"collection":[{"href":"https:\/\/unikat4you.ch\/index.php?rest_route=\/wp\/v2\/pages"}],"about":[{"href":"https:\/\/unikat4you.ch\/index.php?rest_route=\/wp\/v2\/types\/page"}],"author":[{"embeddable":true,"href":"https:\/\/unikat4you.ch\/index.php?rest_route=\/wp\/v2\/users\/1"}],"replies":[{"embeddable":true,"href":"https:\/\/unikat4you.ch\/index.php?rest_route=%2Fwp%2Fv2%2Fcomments&post=66"}],"version-history":[{"count":76,"href":"https:\/\/unikat4you.ch\/index.php?rest_route=\/wp\/v2\/pages\/66\/revisions"}],"predecessor-version":[{"id":578,"href":"https:\/\/unikat4you.ch\/index.php?rest_route=\/wp\/v2\/pages\/66\/revisions\/578"}],"wp:attachment":[{"href":"https:\/\/unikat4you.ch\/index.php?rest_route=%2Fwp%2Fv2%2Fmedia&parent=66"}],"curies":[{"name":"wp","href":"https:\/\/api.w.org\/{rel}","templated":true}]}}