{"id":65,"date":"2022-03-06T14:00:46","date_gmt":"2022-03-06T14:00:46","guid":{"rendered":"https:\/\/www.unikat4you.ch\/?page_id=65"},"modified":"2025-04-22T12:25:11","modified_gmt":"2025-04-22T12:25:11","slug":"stories","status":"publish","type":"page","link":"https:\/\/unikat4you.ch\/?page_id=65","title":{"rendered":"Stories"},"content":{"rendered":"\n    \n    <section class=\"u-align-center u-clearfix u-image u-section-2\" id=\"sec-2a32\" data-image-width=\"1600\" data-image-height=\"1072\" style=\"background-image: url(&quot;https:\/\/unikat4you.ch\/wp-content\/uploads\/2022\/03\/schal_seide_modal_organics_unikat4you1-35.jpg&quot;);\">\n      <div class=\"u-clearfix u-sheet u-sheet-1\">\n        <div class=\"u-clearfix u-expanded-width u-gutter-0 u-layout-wrap u-layout-wrap-1\">\n          <div class=\"u-gutter-0 u-layout\">\n            <div class=\"u-layout-col\">\n              <div class=\"u-size-60\">\n                <div class=\"u-layout-row\">\n                  <div class=\"u-size-60\">\n                    <div class=\"u-layout-col\">\n                      <div class=\"u-align-left u-container-style u-layout-cell u-opacity u-opacity-50 u-size-60 u-white u-layout-cell-1\">\n                        <div class=\"u-container-layout u-container-layout-1\">\n                          <p class=\"u-text u-text-1\">In den Stoffdesign-Workshops lerne ich immer wieder sehr interessante Pers\u00f6nlichkeiten kennen.&nbsp;Unter dieser Rubrik werde ich in Zukunft in periodischen Abst\u00e4nde \u00fcber einzelne Kundinnen oder Kunden und ihre Passion berichten. <\/p>\n                        <\/div>\n                      <\/div>\n                    <\/div>\n                  <\/div>\n                <\/div>\n              <\/div>\n            <\/div>\n          <\/div>\n        <\/div>\n        <div class=\"u-list u-list-1\">\n          <div class=\"u-repeater u-repeater-1\">\n            <div class=\"u-container-style u-list-item u-repeater-item u-white u-list-item-1\">\n              <div class=\"u-container-layout u-similar-container u-container-layout-2\">\n                <img decoding=\"async\" alt=\"\" class=\"u-expanded-width u-image u-image-default u-image-1\" data-image-width=\"1200\" data-image-height=\"800\" src=\"https:\/\/i0.wp.com\/unikat4you.ch\/wp-content\/uploads\/2025\/02\/georges_wenger_diessenhofen.jpg?w=1140&#038;ssl=1\" data-recalc-dims=\"1\">\n                <h3 class=\"u-text u-text-default u-text-2\">Der inspirierende Seidenschal<\/h3>\n                <p class=\"u-text u-text-3\">In dieser Story erf\u00e4hrst du, wie ich \u00fcberhaupt zum Stoffdesign gekommen bin.<\/p>\n                <a href=\"https:\/\/unikat4you.ch\/wp-content\/uploads\/2025\/03\/01_javaOlivtree_v2.pdf\" class=\"u-active-none u-border-2 u-border-hover-palette-2-base u-border-palette-2-light-1 u-btn u-button-style u-file-link u-hover-none u-none u-text-body-color u-btn-1\" target=\"_blank\">Story lesen<\/a>\n              <\/div>\n            <\/div>\n          <\/div>\n        <\/div>\n      <\/div>\n    <\/section>\n    <section class=\"u-clearfix u-section-3\" id=\"sec-93ae\">\n      <div class=\"u-clearfix u-sheet u-valign-middle u-sheet-1\"><\/div>\n    <\/section>\n    \n    \n  \n","protected":false},"excerpt":{"rendered":"<p>In den Stoffdesign-Workshops lerne ich immer wieder sehr interessante Pers\u00f6nlichkeiten kennen.&nbsp;Unter dieser Rubrik werde ich in Zukunft in periodischen Abst\u00e4nde \u00fcber einzelne Kundinnen oder Kunden und ihre Passion berichten. Der inspirierende Seidenschal In dieser Story erf\u00e4hrst du, wie ich \u00fcberhaupt zum Stoffdesign gekommen bin. Story lesen<\/p>\n","protected":false},"author":1,"featured_media":0,"parent":0,"menu_order":7,"comment_status":"closed","ping_status":"closed","template":"","meta":{"footnotes":""},"class_list":["post-65","page","type-page","status-publish","hentry"],"yoast_head":"<!-- This site is optimized with the Yoast SEO plugin v18.2 - https:\/\/yoast.com\/wordpress\/plugins\/seo\/ -->\n<title>Stories - unikat4you<\/title>\n<meta name=\"robots\" content=\"index, follow, max-snippet:-1, max-image-preview:large, max-video-preview:-1\" \/>\n<link rel=\"canonical\" href=\"https:\/\/unikat4you.ch\/?page_id=65\" \/>\n<meta property=\"og:locale\" content=\"de_DE\" \/>\n<meta property=\"og:type\" content=\"article\" \/>\n<meta property=\"og:title\" content=\"Stories - unikat4you\" \/>\n<meta property=\"og:description\" content=\"In den Stoffdesign-Workshops lerne ich immer wieder sehr interessante Pers\u00f6nlichkeiten kennen.&nbsp;Unter dieser Rubrik werde ich in Zukunft in periodischen Abst\u00e4nde \u00fcber einzelne Kundinnen oder Kunden und ihre Passion berichten. Der inspirierende Seidenschal In dieser Story erf\u00e4hrst du, wie ich \u00fcberhaupt zum Stoffdesign gekommen bin. Story lesen\" \/>\n<meta property=\"og:url\" content=\"https:\/\/unikat4you.ch\/?page_id=65\" \/>\n<meta property=\"og:site_name\" content=\"unikat4you\" \/>\n<meta property=\"article:modified_time\" content=\"2025-04-22T12:25:11+00:00\" \/>\n<meta name=\"twitter:card\" content=\"summary_large_image\" \/>\n<script type=\"application\/ld+json\" class=\"yoast-schema-graph\">{\"@context\":\"https:\/\/schema.org\",\"@graph\":[{\"@type\":\"WebSite\",\"@id\":\"https:\/\/unikat4you.ch\/#website\",\"url\":\"https:\/\/unikat4you.ch\/\",\"name\":\"unikat4you\",\"description\":\"Stoffdesign f\u00fcr dich\",\"potentialAction\":[{\"@type\":\"SearchAction\",\"target\":{\"@type\":\"EntryPoint\",\"urlTemplate\":\"https:\/\/unikat4you.ch\/?s={search_term_string}\"},\"query-input\":\"required name=search_term_string\"}],\"inLanguage\":\"de\"},{\"@type\":\"WebPage\",\"@id\":\"https:\/\/unikat4you.ch\/?page_id=65#webpage\",\"url\":\"https:\/\/unikat4you.ch\/?page_id=65\",\"name\":\"Stories - unikat4you\",\"isPartOf\":{\"@id\":\"https:\/\/unikat4you.ch\/#website\"},\"datePublished\":\"2022-03-06T14:00:46+00:00\",\"dateModified\":\"2025-04-22T12:25:11+00:00\",\"breadcrumb\":{\"@id\":\"https:\/\/unikat4you.ch\/?page_id=65#breadcrumb\"},\"inLanguage\":\"de\",\"potentialAction\":[{\"@type\":\"ReadAction\",\"target\":[\"https:\/\/unikat4you.ch\/?page_id=65\"]}]},{\"@type\":\"BreadcrumbList\",\"@id\":\"https:\/\/unikat4you.ch\/?page_id=65#breadcrumb\",\"itemListElement\":[{\"@type\":\"ListItem\",\"position\":1,\"name\":\"Startseite\",\"item\":\"https:\/\/unikat4you.ch\/\"},{\"@type\":\"ListItem\",\"position\":2,\"name\":\"Stories\"}]}]}<\/script>\n<!-- \/ Yoast SEO plugin. -->","yoast_head_json":{"title":"Stories - unikat4you","robots":{"index":"index","follow":"follow","max-snippet":"max-snippet:-1","max-image-preview":"max-image-preview:large","max-video-preview":"max-video-preview:-1"},"canonical":"https:\/\/unikat4you.ch\/?page_id=65","og_locale":"de_DE","og_type":"article","og_title":"Stories - unikat4you","og_description":"In den Stoffdesign-Workshops lerne ich immer wieder sehr interessante Pers\u00f6nlichkeiten kennen.&nbsp;Unter dieser Rubrik werde ich in Zukunft in periodischen Abst\u00e4nde \u00fcber einzelne Kundinnen oder Kunden und ihre Passion berichten. Der inspirierende Seidenschal In dieser Story erf\u00e4hrst du, wie ich \u00fcberhaupt zum Stoffdesign gekommen bin. Story lesen","og_url":"https:\/\/unikat4you.ch\/?page_id=65","og_site_name":"unikat4you","article_modified_time":"2025-04-22T12:25:11+00:00","twitter_card":"summary_large_image","schema":{"@context":"https:\/\/schema.org","@graph":[{"@type":"WebSite","@id":"https:\/\/unikat4you.ch\/#website","url":"https:\/\/unikat4you.ch\/","name":"unikat4you","description":"Stoffdesign f\u00fcr dich","potentialAction":[{"@type":"SearchAction","target":{"@type":"EntryPoint","urlTemplate":"https:\/\/unikat4you.ch\/?s={search_term_string}"},"query-input":"required name=search_term_string"}],"inLanguage":"de"},{"@type":"WebPage","@id":"https:\/\/unikat4you.ch\/?page_id=65#webpage","url":"https:\/\/unikat4you.ch\/?page_id=65","name":"Stories - unikat4you","isPartOf":{"@id":"https:\/\/unikat4you.ch\/#website"},"datePublished":"2022-03-06T14:00:46+00:00","dateModified":"2025-04-22T12:25:11+00:00","breadcrumb":{"@id":"https:\/\/unikat4you.ch\/?page_id=65#breadcrumb"},"inLanguage":"de","potentialAction":[{"@type":"ReadAction","target":["https:\/\/unikat4you.ch\/?page_id=65"]}]},{"@type":"BreadcrumbList","@id":"https:\/\/unikat4you.ch\/?page_id=65#breadcrumb","itemListElement":[{"@type":"ListItem","position":1,"name":"Startseite","item":"https:\/\/unikat4you.ch\/"},{"@type":"ListItem","position":2,"name":"Stories"}]}]}},"jetpack-related-posts":[{"id":459,"url":"https:\/\/unikat4you.ch\/?page_id=459","url_meta":{"origin":65,"position":0},"title":"gutschein_bestellen","author":"admin","date":"November 21, 2024","format":false,"excerpt":"Gutschein f\u00fcr Kreative bestellen Mit einem Gutschein zu einem Stoffdesign-Workshop schenken Sie kreativen Menschen etwas ganz Spezielles. Schritt f\u00fcr Schritt begleite ich die Workshop-Teilnehmerinnen oder -Teilnehmer am Computer zu ihrem Wunschdesign, welches anschliessend auf eine grosse Auswahl von Stoffen gedruckt werden kann. Anforderungen Um an einem Stoffdesign-Workshop teilnehmen zu k\u00f6nnen,\u2026","rel":"","context":"\u00c4hnlicher Beitrag","block_context":{"text":"\u00c4hnlicher Beitrag","link":""},"img":{"alt_text":"","src":"","width":0,"height":0},"classes":[]},{"id":71,"url":"https:\/\/unikat4you.ch\/?page_id=71","url_meta":{"origin":65,"position":1},"title":"Workshop_Exklusiv","author":"admin","date":"M\u00e4rz 6, 2022","format":false,"excerpt":"Stoffdesign exklusiv f\u00fcr dich Umfang und Preis Die erste Stunde Stoffdesign exklusiv kostet 150 Franken. Jede weitere Stunden kostet 120 Franken. Dabei spielt es keine Rolle, ob du alleine oder mit maximal 4 Personen am Workshop teilnimmst. Abonnemente Wenn du f\u00fcr dein Projekt eine gr\u00f6ssere Anzahl Stunden ben\u00f6tigst, oder sporadisch\u2026","rel":"","context":"\u00c4hnlicher Beitrag","block_context":{"text":"\u00c4hnlicher Beitrag","link":""},"img":{"alt_text":"","src":"","width":0,"height":0},"classes":[]},{"id":66,"url":"https:\/\/unikat4you.ch\/?page_id=66","url_meta":{"origin":65,"position":2},"title":"Workshops","author":"admin","date":"M\u00e4rz 6, 2022","format":false,"excerpt":"Liebst du Stoffe? Bist du kreativ? W\u00fcrdest du gerne dein eigenes Stoffdesign kreieren?\u00a0Seit 2015 f\u00fchre ich f\u00fcr bis zu vier Personen Stoffdesign-Workshops durch. Schritt f\u00fcr Schritt begleite ich dich dabei am Computer zu deinem Wunschdesign. Stoffdesign f\u00fcr Foulard oder Schal * Weggis Fr 27.03.2026 * 13:00\u201317:30 Sa 28.03.2026 * 13:00\u201317:30\u2026","rel":"","context":"\u00c4hnlicher Beitrag","block_context":{"text":"\u00c4hnlicher Beitrag","link":""},"img":{"alt_text":"","src":"","width":0,"height":0},"classes":[]},{"id":68,"url":"https:\/\/unikat4you.ch\/","url_meta":{"origin":65,"position":3},"title":"Aktuell","author":"admin","date":"M\u00e4rz 6, 2022","format":false,"excerpt":"Gutschein \u2013 das Geschenk f\u00fcr Kreative Mit einem Gutschein zu einem Stoffdesign-Workshop schenken Sie kreativen Menschen etwas ganz Besonderes. mehr \u00fcber Guscheine erfahren Eigenes Stoffdesign Ohne spezielle Vorkenntnisse kannst auch du \u00abdein\u00bb Stoffdesign am Computer erstellen. Dabei helfe ich dir Schritt f\u00fcr Schritt. Workshop-Daten Stoffprints In meinem \u00abShowroom\u00bb in Weggis\u2026","rel":"","context":"\u00c4hnlicher Beitrag","block_context":{"text":"\u00c4hnlicher Beitrag","link":""},"img":{"alt_text":"","src":"","width":0,"height":0},"classes":[]},{"id":64,"url":"https:\/\/unikat4you.ch\/?page_id=64","url_meta":{"origin":65,"position":4},"title":"Workshop_Foulard","author":"admin","date":"M\u00e4rz 6, 2022","format":false,"excerpt":"Stoffdesign f\u00fcr Foulard oder Schal Umfang und Preis 4 Stunden Stoffdesign-Workshop in Kleingruppe von maximal 4 Teilnehmerinnen oder Teilnehmern kosten 120 Franken. Leitung\u00a0 Verena K\u00fcttel Lottenbach \u00abMeine \u00fcber 30j\u00e4hrige Erfahrung als Gestalterin und Ausbildnerin macht es m\u00f6glich, dass du ohne spezielle Vorkenntnisse dein eigenes Stoffdesign am Computer erstellen kannst. Gerne\u2026","rel":"","context":"\u00c4hnlicher Beitrag","block_context":{"text":"\u00c4hnlicher Beitrag","link":""},"img":{"alt_text":"","src":"","width":0,"height":0},"classes":[]},{"id":69,"url":"https:\/\/unikat4you.ch\/?page_id=69","url_meta":{"origin":65,"position":5},"title":"Workshop_Sitzball","author":"admin","date":"M\u00e4rz 6, 2022","format":false,"excerpt":"Sitzball kreieren Umfang und Preis 4 Stunden Stoffdesign-Workshop, jeweils in Kleingruppe mit maximal 4 Teilnehmenden kosten 120 Franken. F\u00fcr das N\u00e4hkit mit deinem Design bedrucktem Velours Kunstleder, N\u00e4hmaterial, Gymnastikball mit Pumpe und einer ausf\u00fchrlichen N\u00e4hanleitung bezahlst du zus\u00e4tzlich 120 Franken. Du l\u00e4sst den Sitzball mit deinem Design von unikat4you produzieren.\u2026","rel":"","context":"\u00c4hnlicher Beitrag","block_context":{"text":"\u00c4hnlicher Beitrag","link":""},"img":{"alt_text":"","src":"","width":0,"height":0},"classes":[]}],"_links":{"self":[{"href":"https:\/\/unikat4you.ch\/index.php?rest_route=\/wp\/v2\/pages\/65","targetHints":{"allow":["GET"]}}],"collection":[{"href":"https:\/\/unikat4you.ch\/index.php?rest_route=\/wp\/v2\/pages"}],"about":[{"href":"https:\/\/unikat4you.ch\/index.php?rest_route=\/wp\/v2\/types\/page"}],"author":[{"embeddable":true,"href":"https:\/\/unikat4you.ch\/index.php?rest_route=\/wp\/v2\/users\/1"}],"replies":[{"embeddable":true,"href":"https:\/\/unikat4you.ch\/index.php?rest_route=%2Fwp%2Fv2%2Fcomments&post=65"}],"version-history":[{"count":7,"href":"https:\/\/unikat4you.ch\/index.php?rest_route=\/wp\/v2\/pages\/65\/revisions"}],"predecessor-version":[{"id":531,"href":"https:\/\/unikat4you.ch\/index.php?rest_route=\/wp\/v2\/pages\/65\/revisions\/531"}],"wp:attachment":[{"href":"https:\/\/unikat4you.ch\/index.php?rest_route=%2Fwp%2Fv2%2Fmedia&parent=65"}],"curies":[{"name":"wp","href":"https:\/\/api.w.org\/{rel}","templated":true}]}}