{"id":62,"date":"2022-03-06T14:00:43","date_gmt":"2022-03-06T14:00:43","guid":{"rendered":"https:\/\/www.unikat4you.ch\/?page_id=62"},"modified":"2022-03-06T14:00:56","modified_gmt":"2022-03-06T14:00:56","slug":"impressum_datenschutz","status":"publish","type":"page","link":"https:\/\/unikat4you.ch\/?page_id=62","title":{"rendered":"Impressum_Datenschutz"},"content":{"rendered":"\n  \n    <section class=\"u-clearfix u-section-1\" id=\"sec-6f4b\">\n      <div class=\"u-clearfix u-sheet u-valign-top u-sheet-1\">\n        <div class=\"u-container-style u-group u-opacity u-opacity-50 u-white u-group-1\">\n          <div class=\"u-container-layout u-container-layout-1\">\n            <h3 class=\"u-text u-text-1\">Copyright<\/h3>\n            <p class=\"u-text u-text-2\"> Layout,\nText und Bilder wurden von Verena K\u00fcttel Lottenbach, unikat4you, erstellt und\nd\u00fcrfen ohne Einverst\u00e4ndnis der Urheberin nicht kopiert oder verwendet werden.&nbsp; &nbsp;&nbsp;<br>\n              <br>Kontakt:<br>Verena\nK\u00fcttel Lottenbach<br>Hertensteinstrasse\n124<br>6353\nWeggis&nbsp;<br>+41 41\n391 01 44<br>info@unikat4you.ch<br>\n              <br>\n            <\/p>\n            <h3 class=\"u-text u-text-default u-text-3\">Haftungsausschluss<\/h3>\n            <p class=\"u-text u-text-4\"> Die\nInhalte und Links in diesem Internetauftritt werden laufend gepr\u00fcft. F\u00fcr Sch\u00e4den,\ndie durch das Nutzen des Webauftrittes entstehen k\u00f6nnen, schliesst\nunikat4you&nbsp;jede Haftung aus. unikat4you beh\u00e4lt sich das Recht vor, am\nWebauftritt jederzeit&nbsp;\u00c4nderungen ohne Vorank\u00fcndigung vorzunehmen.<br>\n              <br>\n            <\/p>\n            <h3 class=\"u-text u-text-default u-text-5\">Datenschutz<\/h3>\n            <p class=\"u-text u-text-6\"> Die Betreiber dieses Webauftritts nehmen den Schutz deiner pers\u00f6nlichen \nDaten sehr ernst. Wir behandeln deine personenbezogenen Daten vertraulich\n und entsprechend der gesetzlichen Datenschutzvorschriften sowie dieser \nDatenschutzerkl\u00e4rung.\nDie Nutzung unserer Website ist \nin der Regel ohne Angabe personenbezogener Daten m\u00f6glich. Soweit auf \nunseren Seiten personenbezogene Daten (beispielsweise Name, Anschrift \noder E-Mail-Adressen) erhoben werden, erfolgt dies, soweit m\u00f6glich, \nstets auf freiwilliger Basis. Ohne deine ausdr\u00fcckliche\n Zustimmung werden keine Daten an Dritte weitergegeben.\nWir weisen darauf hin, dass die Daten\u00fcbertragung im Internet (z.B. \nbei der Kommunikation per E-Mail) Sicherheitsl\u00fccken aufweisen kann. Ein \nl\u00fcckenloser Schutz der Daten vor dem Zugriff durch Dritte ist nicht \nm\u00f6glich.<br>\n              <br>\n            <\/p>\n            <h3 class=\"u-text u-text-default u-text-7\">Server-Log-Files<\/h3>\n            <p class=\"u-text u-text-8\"> Der Server unseres Webauftritts wird von Metanet, Z\u00fcrich, betrieben. \nDie Daten werden in der Schweiz gespeichert. In den sogenannten \nServer-Log-Files werden Informationen gespeichert, welche dein Browser \nautomatisch an den Server \u00fcbermittelt. Dies sind:&nbsp;<br>\n              <br>Browsertyp und Browserversion<br>verwendetes Betriebssystem<br>Referrer URL<br>Hostname des zugreifenden Rechners<br>Uhrzeit der Serveranfrage<br>\n              <br>Diese Daten sind nicht bestimmten Personen zuordnungsbar. Eine \nZusammenf\u00fchrung dieser Daten mit anderen Datenquellen wird nicht \nvorgenommen. Wir behalten uns vor, diese Daten nachtr\u00e4glich zu pr\u00fcfen, \nwenn uns konkrete Anhaltspunkte f\u00fcr eine rechtswidrige Nutzung bekannt \nwerden.<br>\n              <br>\n            <\/p>\n            <h3 class=\"u-text u-text-default u-text-9\">SSL-Verschl\u00fcsselung<\/h3>\n            <p class=\"u-text u-text-10\"> Der Webauftritt nutzt aus Gr\u00fcnden der Sicherheit und zum Schutz der \n\u00dcbertragung vertraulicher Inhalte, wie zum Beispiel der Anfragen, die \ndu an uns als Seitenbetreiber sendest, eine&nbsp;SSL-Verschl\u00fcsselung. Eine \nverschl\u00fcsselte Verbindung erkennst du daran, dass die Adresszeile des \nBrowsers von \u201ehttp:\/\/\u201c auf \u201ehttps:\/\/\u201c wechselt und an dem Schloss-Symbol\n in Ihrer Browserzeile.\nWenn die SSL Verschl\u00fcsselung aktiviert ist, k\u00f6nnen die Daten, die du an uns \u00fcbermittelst, nicht von Dritten mitgelesen werden.<br>\n              <br>\n            <\/p>\n            <h3 class=\"u-text u-text-default u-text-11\"> Cookies<\/h3>\n            <p class=\"u-text u-text-12\"> Die Internetseiten verwenden teilweise so genannte Cookies. Cookies \nrichten auf deinem Rechner keinen Schaden an und enthalten keine Viren. \nCookies dienen dazu, unser Angebot nutzerfreundlicher, effektiver und \nsicherer zu machen. Cookies sind kleine Textdateien, die auf deinem Rechner abgelegt werden und die dein Browser speichert.\nDie meisten der von uns verwendeten Cookies sind so genannte \n\u00abSession-Cookies\u00bb. Sie werden nach Ende Ihres Besuchs automatisch \ngel\u00f6scht. Andere Cookies bleiben auf deinem Endger\u00e4t gespeichert, bis du diese l\u00f6schst. Diese Cookies erm\u00f6glichen es uns, deinen Browser beim \nn\u00e4chsten Besuch wiederzuerkennen.\nDu kannst deinen Browser so einstellen, dass du \u00fcber das Setzen von \nCookies informiert wirst und Cookies nur im Einzelfall erlauben, die \nAnnahme von Cookies f\u00fcr bestimmte F\u00e4lle oder generell ausschliessen \nsowie das automatische L\u00f6schen der Cookies beim Schliessen des Browser \naktivieren. Bei der Deaktivierung von Cookies kann die Funktionalit\u00e4t \ndieser Website eingeschr\u00e4nkt sein.<br>\n              <br>\n            <\/p>\n            <h3 class=\"u-text u-text-13\">Google-Fonts<\/h3>\n            <p class=\"u-text u-text-14\"> In unserem Webauftritt werden Google Fonts genutzt. Unseres Wissens \nwerden dabei keine pers\u00f6nlichen Daten durch Google gespeichert.\nAus technischen Gr\u00fcnden muss aber deine IP-Adresse an Google \n\u00fcbermittelt werden, damit die Schriftarten an deinen Browser \u00fcbertragen \nwerden k\u00f6nnen.<br>\n              <br>\n            <\/p>\n            <h3 class=\"u-text u-text-15\">Newsletter<\/h3>\n            <p class=\"u-text u-text-16\"> Wenn du den auf der Website angebotenen Newsletter beziehen&nbsp;m\u00f6chtest,\n ben\u00f6tigen wir von dir eine E-Mail-Adresse sowie Informationen, welche\n uns die \u00dcberpr\u00fcfung gestatten, dass du der Inhaber der angegebenen \nE-Mail-Adresse bist und dass du mit dem Empfang des Newsletters einverstanden \nbist.\nDiese Daten werden in der Schweiz gespeichert. Wir verwenden sie&nbsp; ausschliesslich f\u00fcr den Versand der angeforderten Informationen.\nDie erteilte Einwilligung zur Speicherung der Daten, der \nE-Mail-Adresse sowie deren Nutzung zum Versand des Newsletters kannst du in jedem Newsletter mit dem \u00abNewsletter abmelden\u00bb-Link l\u00f6schen.\nDie Anmeldung zu unserem Newsletter erfolgt in einem \nsog.&nbsp;Double-Opt-In-Verfahren. Das heisst, du erh\u00e4lst nach der Anmeldung\n eine E-Mail, in der du um die Best\u00e4tigung deiner Anmeldung gebeten \nwirst. Diese Best\u00e4tigung ist notwendig, damit sich niemand mit fremden \nE-Mailadressen anmelden kann.<\/p>\n          <\/div>\n        <\/div>\n      <\/div>\n    <\/section>\n    \n    \n    \n  \n","protected":false},"excerpt":{"rendered":"<p>Copyright Layout, Text und Bilder wurden von Verena K\u00fcttel Lottenbach, unikat4you, erstellt und d\u00fcrfen ohne Einverst\u00e4ndnis der Urheberin nicht kopiert oder verwendet werden.&nbsp; &nbsp;&nbsp; Kontakt:Verena K\u00fcttel LottenbachHertensteinstrasse 1246353 Weggis&nbsp;+41 41 391 01 44info@unikat4you.ch Haftungsausschluss Die Inhalte und Links in diesem Internetauftritt werden laufend gepr\u00fcft. F\u00fcr Sch\u00e4den, die durch das Nutzen des Webauftrittes entstehen k\u00f6nnen, schliesst &hellip; <a href=\"https:\/\/unikat4you.ch\/?page_id=62\" class=\"more-link\">Continue reading<span class=\"screen-reader-text\"> &#8222;Impressum_Datenschutz&#8220;<\/span><\/a><\/p>\n","protected":false},"author":1,"featured_media":0,"parent":0,"menu_order":1,"comment_status":"closed","ping_status":"closed","template":"","meta":{"footnotes":""},"class_list":["post-62","page","type-page","status-publish","hentry"],"yoast_head":"<!-- This site is optimized with the Yoast SEO plugin v18.2 - https:\/\/yoast.com\/wordpress\/plugins\/seo\/ -->\n<title>Impressum_Datenschutz - unikat4you<\/title>\n<meta name=\"robots\" content=\"index, follow, max-snippet:-1, max-image-preview:large, max-video-preview:-1\" \/>\n<link rel=\"canonical\" href=\"https:\/\/unikat4you.ch\/?page_id=62\" \/>\n<meta property=\"og:locale\" content=\"de_DE\" \/>\n<meta property=\"og:type\" content=\"article\" \/>\n<meta property=\"og:title\" content=\"Impressum_Datenschutz - unikat4you\" \/>\n<meta property=\"og:description\" content=\"Copyright Layout, Text und Bilder wurden von Verena K\u00fcttel Lottenbach, unikat4you, erstellt und d\u00fcrfen ohne Einverst\u00e4ndnis der Urheberin nicht kopiert oder verwendet werden.&nbsp; &nbsp;&nbsp; Kontakt:Verena K\u00fcttel LottenbachHertensteinstrasse 1246353 Weggis&nbsp;+41 41 391 01 44info@unikat4you.ch Haftungsausschluss Die Inhalte und Links in diesem Internetauftritt werden laufend gepr\u00fcft. F\u00fcr Sch\u00e4den, die durch das Nutzen des Webauftrittes entstehen k\u00f6nnen, schliesst &hellip; Continue reading &quot;Impressum_Datenschutz&quot;\" \/>\n<meta property=\"og:url\" content=\"https:\/\/unikat4you.ch\/?page_id=62\" \/>\n<meta property=\"og:site_name\" content=\"unikat4you\" \/>\n<meta property=\"article:modified_time\" content=\"2022-03-06T14:00:56+00:00\" \/>\n<meta name=\"twitter:card\" content=\"summary_large_image\" \/>\n<meta name=\"twitter:label1\" content=\"Gesch\u00e4tzte Lesezeit\" \/>\n\t<meta name=\"twitter:data1\" content=\"3\u00a0Minuten\" \/>\n<script type=\"application\/ld+json\" class=\"yoast-schema-graph\">{\"@context\":\"https:\/\/schema.org\",\"@graph\":[{\"@type\":\"WebSite\",\"@id\":\"https:\/\/unikat4you.ch\/#website\",\"url\":\"https:\/\/unikat4you.ch\/\",\"name\":\"unikat4you\",\"description\":\"Stoffdesign f\u00fcr dich\",\"potentialAction\":[{\"@type\":\"SearchAction\",\"target\":{\"@type\":\"EntryPoint\",\"urlTemplate\":\"https:\/\/unikat4you.ch\/?s={search_term_string}\"},\"query-input\":\"required name=search_term_string\"}],\"inLanguage\":\"de\"},{\"@type\":\"WebPage\",\"@id\":\"https:\/\/unikat4you.ch\/?page_id=62#webpage\",\"url\":\"https:\/\/unikat4you.ch\/?page_id=62\",\"name\":\"Impressum_Datenschutz - unikat4you\",\"isPartOf\":{\"@id\":\"https:\/\/unikat4you.ch\/#website\"},\"datePublished\":\"2022-03-06T14:00:43+00:00\",\"dateModified\":\"2022-03-06T14:00:56+00:00\",\"breadcrumb\":{\"@id\":\"https:\/\/unikat4you.ch\/?page_id=62#breadcrumb\"},\"inLanguage\":\"de\",\"potentialAction\":[{\"@type\":\"ReadAction\",\"target\":[\"https:\/\/unikat4you.ch\/?page_id=62\"]}]},{\"@type\":\"BreadcrumbList\",\"@id\":\"https:\/\/unikat4you.ch\/?page_id=62#breadcrumb\",\"itemListElement\":[{\"@type\":\"ListItem\",\"position\":1,\"name\":\"Startseite\",\"item\":\"https:\/\/unikat4you.ch\/\"},{\"@type\":\"ListItem\",\"position\":2,\"name\":\"Impressum_Datenschutz\"}]}]}<\/script>\n<!-- \/ Yoast SEO plugin. -->","yoast_head_json":{"title":"Impressum_Datenschutz - unikat4you","robots":{"index":"index","follow":"follow","max-snippet":"max-snippet:-1","max-image-preview":"max-image-preview:large","max-video-preview":"max-video-preview:-1"},"canonical":"https:\/\/unikat4you.ch\/?page_id=62","og_locale":"de_DE","og_type":"article","og_title":"Impressum_Datenschutz - unikat4you","og_description":"Copyright Layout, Text und Bilder wurden von Verena K\u00fcttel Lottenbach, unikat4you, erstellt und d\u00fcrfen ohne Einverst\u00e4ndnis der Urheberin nicht kopiert oder verwendet werden.&nbsp; &nbsp;&nbsp; Kontakt:Verena K\u00fcttel LottenbachHertensteinstrasse 1246353 Weggis&nbsp;+41 41 391 01 44info@unikat4you.ch Haftungsausschluss Die Inhalte und Links in diesem Internetauftritt werden laufend gepr\u00fcft. F\u00fcr Sch\u00e4den, die durch das Nutzen des Webauftrittes entstehen k\u00f6nnen, schliesst &hellip; Continue reading \"Impressum_Datenschutz\"","og_url":"https:\/\/unikat4you.ch\/?page_id=62","og_site_name":"unikat4you","article_modified_time":"2022-03-06T14:00:56+00:00","twitter_card":"summary_large_image","twitter_misc":{"Gesch\u00e4tzte Lesezeit":"3\u00a0Minuten"},"schema":{"@context":"https:\/\/schema.org","@graph":[{"@type":"WebSite","@id":"https:\/\/unikat4you.ch\/#website","url":"https:\/\/unikat4you.ch\/","name":"unikat4you","description":"Stoffdesign f\u00fcr dich","potentialAction":[{"@type":"SearchAction","target":{"@type":"EntryPoint","urlTemplate":"https:\/\/unikat4you.ch\/?s={search_term_string}"},"query-input":"required name=search_term_string"}],"inLanguage":"de"},{"@type":"WebPage","@id":"https:\/\/unikat4you.ch\/?page_id=62#webpage","url":"https:\/\/unikat4you.ch\/?page_id=62","name":"Impressum_Datenschutz - unikat4you","isPartOf":{"@id":"https:\/\/unikat4you.ch\/#website"},"datePublished":"2022-03-06T14:00:43+00:00","dateModified":"2022-03-06T14:00:56+00:00","breadcrumb":{"@id":"https:\/\/unikat4you.ch\/?page_id=62#breadcrumb"},"inLanguage":"de","potentialAction":[{"@type":"ReadAction","target":["https:\/\/unikat4you.ch\/?page_id=62"]}]},{"@type":"BreadcrumbList","@id":"https:\/\/unikat4you.ch\/?page_id=62#breadcrumb","itemListElement":[{"@type":"ListItem","position":1,"name":"Startseite","item":"https:\/\/unikat4you.ch\/"},{"@type":"ListItem","position":2,"name":"Impressum_Datenschutz"}]}]}},"jetpack-related-posts":[{"id":69,"url":"https:\/\/unikat4you.ch\/?page_id=69","url_meta":{"origin":62,"position":0},"title":"Workshop_Sitzball","author":"admin","date":"M\u00e4rz 6, 2022","format":false,"excerpt":"Sitzball kreieren Umfang und Preis 4 Stunden Stoffdesign-Workshop, jeweils in Kleingruppe mit maximal 4 Teilnehmenden kosten 120 Franken. F\u00fcr das N\u00e4hkit mit deinem Design bedrucktem Velours Kunstleder, N\u00e4hmaterial, Gymnastikball mit Pumpe und einer ausf\u00fchrlichen N\u00e4hanleitung bezahlst du zus\u00e4tzlich 120 Franken. Du l\u00e4sst den Sitzball mit deinem Design von unikat4you produzieren.\u2026","rel":"","context":"\u00c4hnlicher Beitrag","block_context":{"text":"\u00c4hnlicher Beitrag","link":""},"img":{"alt_text":"","src":"","width":0,"height":0},"classes":[]},{"id":64,"url":"https:\/\/unikat4you.ch\/?page_id=64","url_meta":{"origin":62,"position":1},"title":"Workshop_Foulard","author":"admin","date":"M\u00e4rz 6, 2022","format":false,"excerpt":"Stoffdesign f\u00fcr Foulard oder Schal Umfang und Preis 4 Stunden Stoffdesign-Workshop in Kleingruppe von maximal 4 Teilnehmerinnen oder Teilnehmern kosten 120 Franken. Leitung\u00a0 Verena K\u00fcttel Lottenbach \u00abMeine \u00fcber 30j\u00e4hrige Erfahrung als Gestalterin und Ausbildnerin macht es m\u00f6glich, dass du ohne spezielle Vorkenntnisse dein eigenes Stoffdesign am Computer erstellen kannst. Gerne\u2026","rel":"","context":"\u00c4hnlicher Beitrag","block_context":{"text":"\u00c4hnlicher Beitrag","link":""},"img":{"alt_text":"","src":"","width":0,"height":0},"classes":[]},{"id":71,"url":"https:\/\/unikat4you.ch\/?page_id=71","url_meta":{"origin":62,"position":2},"title":"Workshop_Exklusiv","author":"admin","date":"M\u00e4rz 6, 2022","format":false,"excerpt":"Stoffdesign exklusiv f\u00fcr dich Umfang und Preis Die erste Stunde Stoffdesign exklusiv kostet 150 Franken. Jede weitere Stunden kostet 120 Franken. Dabei spielt es keine Rolle, ob du alleine oder mit maximal 4 Personen am Workshop teilnimmst. Abonnemente Wenn du f\u00fcr dein Projekt eine gr\u00f6ssere Anzahl Stunden ben\u00f6tigst, oder sporadisch\u2026","rel":"","context":"\u00c4hnlicher Beitrag","block_context":{"text":"\u00c4hnlicher Beitrag","link":""},"img":{"alt_text":"","src":"","width":0,"height":0},"classes":[]},{"id":459,"url":"https:\/\/unikat4you.ch\/?page_id=459","url_meta":{"origin":62,"position":3},"title":"gutschein_bestellen","author":"admin","date":"November 21, 2024","format":false,"excerpt":"Gutschein f\u00fcr Kreative bestellen Mit einem Gutschein zu einem Stoffdesign-Workshop schenken Sie kreativen Menschen etwas ganz Spezielles. Schritt f\u00fcr Schritt begleite ich die Workshop-Teilnehmerinnen oder -Teilnehmer am Computer zu ihrem Wunschdesign, welches anschliessend auf eine grosse Auswahl von Stoffen gedruckt werden kann. Anforderungen Um an einem Stoffdesign-Workshop teilnehmen zu k\u00f6nnen,\u2026","rel":"","context":"\u00c4hnlicher Beitrag","block_context":{"text":"\u00c4hnlicher Beitrag","link":""},"img":{"alt_text":"","src":"","width":0,"height":0},"classes":[]},{"id":170,"url":"https:\/\/unikat4you.ch\/?page_id=170","url_meta":{"origin":62,"position":4},"title":"antwAnmeldeformularWS","author":"admin","date":"Juni 8, 2022","format":false,"excerpt":"Vielen herzlichen Dank f\u00fcr die Anmeldung zum Workshop Sie erhalten innerhalb von drei Tagen eine Best\u00e4tigung der Anmeldung per E-Mail. Etwas sp\u00e4ter erhalten Sie per Post ein Mappe mit allen Informationen zum Workshop. Bei Fragen stehe ich Ihnen gerne zur Verf\u00fcgung. Ich freue mich auf Sie und Ihr Projekt. Li\u00e4bi\u2026","rel":"","context":"\u00c4hnlicher Beitrag","block_context":{"text":"\u00c4hnlicher Beitrag","link":""},"img":{"alt_text":"","src":"","width":0,"height":0},"classes":[]},{"id":474,"url":"https:\/\/unikat4you.ch\/?page_id=474","url_meta":{"origin":62,"position":5},"title":"antwBestellungGutschein","author":"admin","date":"November 21, 2024","format":false,"excerpt":"Vielen herzlichen Dank f\u00fcr die Bestellung eines Gutscheins Sie erhalten innerhalb von drei Tagen eine Best\u00e4tigung der Bestellung per E-Mail. Etwas sp\u00e4ter erhalten Sie per Post den Gutschein und eine \u00dcbersicht der n\u00e4chsten Workshops.\u00a0 Bei Fragen stehe ich Ihnen gerne zur Verf\u00fcgung. Li\u00e4bi Gr\u00fc\u00e4ss und en sch\u00f6n\u00e4 Tag.Verena K\u00fcttel","rel":"","context":"\u00c4hnlicher Beitrag","block_context":{"text":"\u00c4hnlicher Beitrag","link":""},"img":{"alt_text":"","src":"","width":0,"height":0},"classes":[]}],"_links":{"self":[{"href":"https:\/\/unikat4you.ch\/index.php?rest_route=\/wp\/v2\/pages\/62","targetHints":{"allow":["GET"]}}],"collection":[{"href":"https:\/\/unikat4you.ch\/index.php?rest_route=\/wp\/v2\/pages"}],"about":[{"href":"https:\/\/unikat4you.ch\/index.php?rest_route=\/wp\/v2\/types\/page"}],"author":[{"embeddable":true,"href":"https:\/\/unikat4you.ch\/index.php?rest_route=\/wp\/v2\/users\/1"}],"replies":[{"embeddable":true,"href":"https:\/\/unikat4you.ch\/index.php?rest_route=%2Fwp%2Fv2%2Fcomments&post=62"}],"version-history":[{"count":1,"href":"https:\/\/unikat4you.ch\/index.php?rest_route=\/wp\/v2\/pages\/62\/revisions"}],"predecessor-version":[{"id":75,"href":"https:\/\/unikat4you.ch\/index.php?rest_route=\/wp\/v2\/pages\/62\/revisions\/75"}],"wp:attachment":[{"href":"https:\/\/unikat4you.ch\/index.php?rest_route=%2Fwp%2Fv2%2Fmedia&parent=62"}],"curies":[{"name":"wp","href":"https:\/\/api.w.org\/{rel}","templated":true}]}}