{"id":459,"date":"2024-11-21T11:59:34","date_gmt":"2024-11-21T11:59:34","guid":{"rendered":"https:\/\/unikat4you.ch\/?page_id=459"},"modified":"2024-11-21T17:05:35","modified_gmt":"2024-11-21T17:05:35","slug":"gutschein-bestellen","status":"publish","type":"page","link":"https:\/\/unikat4you.ch\/?page_id=459","title":{"rendered":"gutschein_bestellen"},"content":{"rendered":"\n    \n    <section class=\"u-align-center u-clearfix u-section-2\" id=\"sec-b5c1\">\n      <div class=\"u-clearfix u-sheet u-sheet-1\">\n        <div class=\"u-clearfix u-expanded-width u-gutter-0 u-layout-wrap u-layout-wrap-1\">\n          <div class=\"u-gutter-0 u-layout\">\n            <div class=\"u-layout-col\">\n              <div class=\"u-size-30\">\n                <div class=\"u-layout-col\">\n                  <div class=\"u-container-style u-image u-layout-cell u-opacity u-opacity-50 u-size-60 u-image-1\" data-image-width=\"1200\" data-image-height=\"800\" style=\"background-image: url(&quot;https:\/\/unikat4you.ch\/wp-content\/uploads\/2024\/11\/gutschein_unikat4you.jpg&quot;);\">\n                    <div class=\"u-container-layout u-container-layout-1\"><\/div>\n                  <\/div>\n                <\/div>\n              <\/div>\n              <div class=\"u-size-30\">\n                <div class=\"u-layout-row\">\n                  <div class=\"u-align-left u-container-style u-layout-cell u-opacity u-opacity-50 u-size-60 u-white u-layout-cell-2\">\n                    <div class=\"u-container-layout u-valign-bottom u-container-layout-2\">\n                      <h1 class=\"u-text u-text-1\">Gutschein f\u00fcr Kreative bestellen<br>\n                      <\/h1>\n                      <p class=\"u-text u-text-2\"> Mit einem Gutschein zu einem Stoffdesign-Workshop schenken Sie kreativen Menschen etwas ganz Spezielles. <br>Schritt f\u00fcr Schritt begleite ich die Workshop-Teilnehmerinnen oder -Teilnehmer am Computer zu ihrem Wunschdesign, welches anschliessend auf eine grosse Auswahl von Stoffen gedruckt werden kann.<br>\n                        <br>\n                        <span style=\"font-weight: 700;\">Anforderungen<\/span>\n                        <br>Um an einem Stoffdesign-Workshop teilnehmen zu k\u00f6nnen, m\u00fcssen die Teilehmenden eine Design-Idee mitbringen und die Computermaus bedienen k\u00f6nnen.<br>\n                        <br>\n                        <span style=\"font-weight: 700;\">Leitung<\/span>\n                        <br>Verena K\u00fcttel<br>\n                        <br>\n                        <span style=\"font-weight: 700;\">Durchf\u00fchrungsort<\/span>\n                        <br>Hertensteinstrasse 124, 6353 Weggis<br>\n                        <br>\n                        <span style=\"font-weight: 700;\">Umfang eines Workshops<\/span>\n                        <br>4 Stunden Stoffdesign<br>jeweils in Kleingruppe mit maximal 4 Teilnehmenden<br>\n                        <br>\n                      <\/p>\n                    <\/div>\n                  <\/div>\n                <\/div>\n              <\/div>\n            <\/div>\n          <\/div>\n        <\/div>\n        <div class=\"u-expanded-width u-form u-white u-form-1\">\n                  <script>\n            function onSuccess(event) {\n                var msgContainer = jQuery(event.currentTarget).find('.wpcf7-response-output');\n                msgContainer.removeClass('u-form-send-error').addClass('u-form-send-message u-form-send-success');\n                msgContainer.show();\n                var redirectAddress = jQuery(event.currentTarget).find('[redirect-address]').attr('redirect-address');\n                if (redirectAddress) {\n                    location.replace(redirectAddress);\n                }\n            }\n            function onError(event) {\n                var msgContainer = jQuery(event.currentTarget).find('.wpcf7-response-output');\n                msgContainer.removeClass('u-form-send-success').addClass('u-form-send-message u-form-send-error');\n                msgContainer.show();\n            }\n\n            jQuery('body')\n                .on('wpcf7mailsent',   '.u-form .wpcf7', onSuccess)\n                .on('wpcf7invalid',    '.u-form .wpcf7', onError)\n                .on('wpcf7:unaccepted', '.u-form .wpcf7', onError)\n                .on('wpcf7spam',       '.u-form .wpcf7', onError)\n                .on('wpcf7:aborted',    '.u-form .wpcf7', onError)\n                .on('wpcf7mailfailed', '.u-form .wpcf7', onError);\n        <\/script>\n        <style>\n            .u-form .wpcf7-response-output {\n                \/*position: relative !important;*\/\n                margin: 0 !important;\n                bottom: -70px!important;\n            }\n            .u-form .wpcf7 .ajax-loader {\n                margin-left: -24px;\n                margin-right: 0;\n            }\n        <\/style>\n\n<div class=\"wpcf7 no-js\" id=\"wpcf7-f465-o1\" lang=\"de-DE\" dir=\"ltr\">\n<div class=\"screen-reader-response\"><p role=\"status\" aria-live=\"polite\" aria-atomic=\"true\"><\/p> <ul><\/ul><\/div>\n<form style=\"padding: 15px;\" redirect-address=\"https:\/\/unikat4you.ch\/?page_id=474\" action=\"\/index.php?rest_route=%2Fwp%2Fv2%2Fpages%2F459#wpcf7-f465-o1\" method=\"post\" class=\"wpcf7-form init u-clearfix u-form-custom-backend u-form-spacing-15 u-form-vertical u-inner-form\" aria-label=\"Kontaktformular\" novalidate=\"novalidate\" data-status=\"init\">\n<div style=\"display: none;\">\n<input type=\"hidden\" name=\"_wpcf7\" value=\"465\" \/>\n<input type=\"hidden\" name=\"_wpcf7_version\" value=\"5.8\" \/>\n<input type=\"hidden\" name=\"_wpcf7_locale\" value=\"de_DE\" \/>\n<input type=\"hidden\" name=\"_wpcf7_unit_tag\" value=\"wpcf7-f465-o1\" \/>\n<input type=\"hidden\" name=\"_wpcf7_container_post\" value=\"0\" \/>\n<input type=\"hidden\" name=\"_wpcf7_posted_data_hash\" value=\"\" \/>\n<\/div>\n\n            <div class=\"u-form-group wpcf7-form-control-wrap u-label-top u-form-group wpcf7-form-control-wrap-1\">\n              <label for=\"text-497c\" class=\"u-label\">Gerne bestelle ich einen Kreativ-Gutschein zu Gunsten von<\/label>\n              <input type=\"text\" placeholder=\"Vorname und Name eintragen\" id=\"text-497c\" name=\"gutschein_fuer\" class=\"u-border-1 u-border-grey-30 u-input wpcf7-form-control u-input-rectangle u-white\" required=\"required\">\n            <\/div>\n            <div class=\"u-form-checkbox u-form-group wpcf7-form-control-wrap u-label-top u-form-group wpcf7-form-control-wrap-2\">\n              <input type=\"checkbox\" id=\"checkbox-e908\" name=\"workshop_120\" value=\"on\">\n              <label for=\"checkbox-e908\" class=\"u-label\">Gutschein f\u00fcr einen Stoffdesign-Workshop im Wert von  120 Franken.<\/label>\n            <\/div>\n            <div class=\"u-form-checkbox u-form-group wpcf7-form-control-wrap u-label-top u-form-group wpcf7-form-control-wrap-3\">\n              <input type=\"checkbox\" id=\"checkbox-ccd4\" name=\"workshop_foulard_240\" value=\"on\">\n              <label for=\"checkbox-ccd4\" class=\"u-label\">Gutschein f\u00fcr ein Seiden-Foulard oder Seiden-Schal mit eigenem Stoffdesign im Wert von 240 Franken.  Im Gutschein ist der Stoffdesign-Workshop und das hand\u00adroullierte Seiden-Foulard resp. der Seiden-Schal enthalten.<\/label>\n            <\/div>\n            <div class=\"u-form-checkbox u-form-group wpcf7-form-control-wrap u-label-top u-form-group wpcf7-form-control-wrap-4\">\n              <input type=\"checkbox\" id=\"checkbox-c4d9\" name=\"workshop_sitzball_nahkit_240\" value=\"On\">\n              <label for=\"checkbox-c4d9\" class=\"u-label\">Gutschein zur Kreation eines Sitzballes mit eigenem Design und N\u00e4hkit im Wert von 240 Franken.  Im Gutschein ist der Stoffdesign-Workshop, das N\u00e4hkit mit Anleitung, der synthetische Velourstoff mit dem eigenen Design, der Gymnastikball mit Pumpe und das gesamte Zusatzmaterial enthalten.<\/label>\n            <\/div>\n            <div class=\"u-form-checkbox u-form-group wpcf7-form-control-wrap u-label-top u-form-group wpcf7-form-control-wrap-5\">\n              <input type=\"checkbox\" id=\"checkbox-28c6\" name=\"workshop_sitzball_460\" value=\"On\">\n              <label for=\"checkbox-28c6\" class=\"u-label\">Gutschein zur Kreation eines Sitzballes mit eigenem Design im Wert von 460 Franken. Im Gutschein ist der Stoffdesign-Workshop und der fertig produzierte Sitzball mit dem eigenen Design inkl. Sitzball und Pumpe enthalten.<\/label>\n            <\/div>\n            <div class=\"u-form-group wpcf7-form-control-wrap u-form-name u-label-top\">\n              <label for=\"name-6797\" class=\"u-label\">Bitte senden Sie den Gutschein mit Rechnung an folgende Adresse:<\/label>\n              <input type=\"text\" placeholder=\"Vorname Name\" id=\"name-6797\" name=\"vorname_name\" class=\"u-border-1 u-border-grey-30 u-input wpcf7-form-control u-input-rectangle\" required=\"\">\n            <\/div>\n            <div class=\"u-form-group wpcf7-form-control-wrap u-label-top\">\n              <label for=\"text-35db\" class=\"u-label\">Adresse<\/label>\n              <input type=\"text\" placeholder=\"Adresse\" id=\"text-35db\" name=\"adresse\" class=\"u-border-1 u-border-grey-30 u-input wpcf7-form-control u-input-rectangle\" required=\"required\">\n            <\/div>\n            <div class=\"u-form-group wpcf7-form-control-wrap u-label-top\">\n              <label for=\"text-27f0\" class=\"u-label\">Ort<\/label>\n              <input type=\"text\" placeholder=\"PLZ \/ Ort\" id=\"text-27f0\" name=\"plz_ort\" class=\"u-border-1 u-border-grey-30 u-input wpcf7-form-control u-input-rectangle\" required=\"required\">\n            <\/div>\n            <div class=\"u-form-group wpcf7-form-control-wrap u-label-top\">\n              <label for=\"text-5260\" class=\"u-label\">Telefon<\/label>\n              <input type=\"text\" placeholder=\"Telefon-Nummer\" id=\"text-5260\" name=\"telefon\" class=\"u-border-1 u-border-grey-30 u-input wpcf7-form-control u-input-rectangle\" required=\"required\">\n            <\/div>\n            <div class=\"u-form-email u-form-group wpcf7-form-control-wrap u-label-top\">\n              <label for=\"email-6797\" class=\"u-label\">Email<\/label>\n              <input type=\"email\" placeholder=\"E-Mailadresse\" id=\"email-6797\" name=\"email\" class=\"u-border-1 u-border-grey-30 u-input wpcf7-form-control u-input-rectangle\" required=\"\">\n            <\/div>\n            <div class=\"u-align-right u-form-group wpcf7-form-control-wrap u-form-submit wpcf7-form-control u-label-top\">\n              <a href=\"#\" class=\"u-border-2 u-border-black u-btn wpcf7-submit u-btn-submit u-button-style u-hover-black u-none u-btn-1\">Gutschein bestellen<\/a>\n              <input type=\"submit\" value=\"submit\" class=\"u-form-control-hidden\">\n            <\/div>\n            <div class=\"u-form-send-message u-form-send-success\">Thank you! Your message has been sent.<\/div>\n            <div class=\"u-form-send-error u-form-send-message\">Unable to send your message. Please fix errors then try again.<\/div>\n            <input type=\"hidden\" value=\"\" name=\"recaptchaResponse\">\n          <input type=\"hidden\" name=\"_contact7_backend\" value=\"1\"><div class=\"wpcf7-response-output\" aria-hidden=\"true\"><\/div>\n<\/form>\n<\/div>\n\n        <\/div>\n      <\/div>\n    <\/section>\n    \n    \n  \n","protected":false},"excerpt":{"rendered":"<p>Gutschein f\u00fcr Kreative bestellen Mit einem Gutschein zu einem Stoffdesign-Workshop schenken Sie kreativen Menschen etwas ganz Spezielles. Schritt f\u00fcr Schritt begleite ich die Workshop-Teilnehmerinnen oder -Teilnehmer am Computer zu ihrem Wunschdesign, welches anschliessend auf eine grosse Auswahl von Stoffen gedruckt werden kann. Anforderungen Um an einem Stoffdesign-Workshop teilnehmen zu k\u00f6nnen, m\u00fcssen die Teilehmenden eine Design-Idee &hellip; <a href=\"https:\/\/unikat4you.ch\/?page_id=459\" class=\"more-link\">Continue reading<span class=\"screen-reader-text\"> &#8222;gutschein_bestellen&#8220;<\/span><\/a><\/p>\n","protected":false},"author":1,"featured_media":0,"parent":0,"menu_order":0,"comment_status":"closed","ping_status":"closed","template":"","meta":{"footnotes":""},"class_list":["post-459","page","type-page","status-publish","hentry"],"yoast_head":"<!-- This site is optimized with the Yoast SEO plugin v18.2 - https:\/\/yoast.com\/wordpress\/plugins\/seo\/ -->\n<title>gutschein_bestellen - unikat4you<\/title>\n<meta name=\"robots\" content=\"index, follow, max-snippet:-1, max-image-preview:large, max-video-preview:-1\" \/>\n<link rel=\"canonical\" href=\"https:\/\/unikat4you.ch\/?page_id=459\" \/>\n<meta property=\"og:locale\" content=\"de_DE\" \/>\n<meta property=\"og:type\" content=\"article\" \/>\n<meta property=\"og:title\" content=\"gutschein_bestellen - unikat4you\" \/>\n<meta property=\"og:description\" content=\"Gutschein f\u00fcr Kreative bestellen Mit einem Gutschein zu einem Stoffdesign-Workshop schenken Sie kreativen Menschen etwas ganz Spezielles. Schritt f\u00fcr Schritt begleite ich die Workshop-Teilnehmerinnen oder -Teilnehmer am Computer zu ihrem Wunschdesign, welches anschliessend auf eine grosse Auswahl von Stoffen gedruckt werden kann. Anforderungen Um an einem Stoffdesign-Workshop teilnehmen zu k\u00f6nnen, m\u00fcssen die Teilehmenden eine Design-Idee &hellip; Continue reading &quot;gutschein_bestellen&quot;\" \/>\n<meta property=\"og:url\" content=\"https:\/\/unikat4you.ch\/?page_id=459\" \/>\n<meta property=\"og:site_name\" content=\"unikat4you\" \/>\n<meta property=\"article:modified_time\" content=\"2024-11-21T17:05:35+00:00\" \/>\n<meta name=\"twitter:card\" content=\"summary_large_image\" \/>\n<meta name=\"twitter:label1\" content=\"Gesch\u00e4tzte Lesezeit\" \/>\n\t<meta name=\"twitter:data1\" content=\"1\u00a0Minute\" \/>\n<script type=\"application\/ld+json\" class=\"yoast-schema-graph\">{\"@context\":\"https:\/\/schema.org\",\"@graph\":[{\"@type\":\"WebSite\",\"@id\":\"https:\/\/unikat4you.ch\/#website\",\"url\":\"https:\/\/unikat4you.ch\/\",\"name\":\"unikat4you\",\"description\":\"Stoffdesign f\u00fcr dich\",\"potentialAction\":[{\"@type\":\"SearchAction\",\"target\":{\"@type\":\"EntryPoint\",\"urlTemplate\":\"https:\/\/unikat4you.ch\/?s={search_term_string}\"},\"query-input\":\"required name=search_term_string\"}],\"inLanguage\":\"de\"},{\"@type\":\"WebPage\",\"@id\":\"https:\/\/unikat4you.ch\/?page_id=459#webpage\",\"url\":\"https:\/\/unikat4you.ch\/?page_id=459\",\"name\":\"gutschein_bestellen - unikat4you\",\"isPartOf\":{\"@id\":\"https:\/\/unikat4you.ch\/#website\"},\"datePublished\":\"2024-11-21T11:59:34+00:00\",\"dateModified\":\"2024-11-21T17:05:35+00:00\",\"breadcrumb\":{\"@id\":\"https:\/\/unikat4you.ch\/?page_id=459#breadcrumb\"},\"inLanguage\":\"de\",\"potentialAction\":[{\"@type\":\"ReadAction\",\"target\":[\"https:\/\/unikat4you.ch\/?page_id=459\"]}]},{\"@type\":\"BreadcrumbList\",\"@id\":\"https:\/\/unikat4you.ch\/?page_id=459#breadcrumb\",\"itemListElement\":[{\"@type\":\"ListItem\",\"position\":1,\"name\":\"Startseite\",\"item\":\"https:\/\/unikat4you.ch\/\"},{\"@type\":\"ListItem\",\"position\":2,\"name\":\"gutschein_bestellen\"}]}]}<\/script>\n<!-- \/ Yoast SEO plugin. -->","yoast_head_json":{"title":"gutschein_bestellen - unikat4you","robots":{"index":"index","follow":"follow","max-snippet":"max-snippet:-1","max-image-preview":"max-image-preview:large","max-video-preview":"max-video-preview:-1"},"canonical":"https:\/\/unikat4you.ch\/?page_id=459","og_locale":"de_DE","og_type":"article","og_title":"gutschein_bestellen - unikat4you","og_description":"Gutschein f\u00fcr Kreative bestellen Mit einem Gutschein zu einem Stoffdesign-Workshop schenken Sie kreativen Menschen etwas ganz Spezielles. Schritt f\u00fcr Schritt begleite ich die Workshop-Teilnehmerinnen oder -Teilnehmer am Computer zu ihrem Wunschdesign, welches anschliessend auf eine grosse Auswahl von Stoffen gedruckt werden kann. Anforderungen Um an einem Stoffdesign-Workshop teilnehmen zu k\u00f6nnen, m\u00fcssen die Teilehmenden eine Design-Idee &hellip; Continue reading \"gutschein_bestellen\"","og_url":"https:\/\/unikat4you.ch\/?page_id=459","og_site_name":"unikat4you","article_modified_time":"2024-11-21T17:05:35+00:00","twitter_card":"summary_large_image","twitter_misc":{"Gesch\u00e4tzte Lesezeit":"1\u00a0Minute"},"schema":{"@context":"https:\/\/schema.org","@graph":[{"@type":"WebSite","@id":"https:\/\/unikat4you.ch\/#website","url":"https:\/\/unikat4you.ch\/","name":"unikat4you","description":"Stoffdesign f\u00fcr dich","potentialAction":[{"@type":"SearchAction","target":{"@type":"EntryPoint","urlTemplate":"https:\/\/unikat4you.ch\/?s={search_term_string}"},"query-input":"required name=search_term_string"}],"inLanguage":"de"},{"@type":"WebPage","@id":"https:\/\/unikat4you.ch\/?page_id=459#webpage","url":"https:\/\/unikat4you.ch\/?page_id=459","name":"gutschein_bestellen - unikat4you","isPartOf":{"@id":"https:\/\/unikat4you.ch\/#website"},"datePublished":"2024-11-21T11:59:34+00:00","dateModified":"2024-11-21T17:05:35+00:00","breadcrumb":{"@id":"https:\/\/unikat4you.ch\/?page_id=459#breadcrumb"},"inLanguage":"de","potentialAction":[{"@type":"ReadAction","target":["https:\/\/unikat4you.ch\/?page_id=459"]}]},{"@type":"BreadcrumbList","@id":"https:\/\/unikat4you.ch\/?page_id=459#breadcrumb","itemListElement":[{"@type":"ListItem","position":1,"name":"Startseite","item":"https:\/\/unikat4you.ch\/"},{"@type":"ListItem","position":2,"name":"gutschein_bestellen"}]}]}},"jetpack-related-posts":[{"id":68,"url":"https:\/\/unikat4you.ch\/","url_meta":{"origin":459,"position":0},"title":"Aktuell","author":"admin","date":"M\u00e4rz 6, 2022","format":false,"excerpt":"Gutschein \u2013 das Geschenk f\u00fcr Kreative Mit einem Gutschein zu einem Stoffdesign-Workshop schenken Sie kreativen Menschen etwas ganz Besonderes. mehr \u00fcber Guscheine erfahren Eigenes Stoffdesign Ohne spezielle Vorkenntnisse kannst auch du \u00abdein\u00bb Stoffdesign am Computer erstellen. Dabei helfe ich dir Schritt f\u00fcr Schritt. Workshop-Daten Stoffprints In meinem \u00abShowroom\u00bb in Weggis\u2026","rel":"","context":"\u00c4hnlicher Beitrag","block_context":{"text":"\u00c4hnlicher Beitrag","link":""},"img":{"alt_text":"","src":"","width":0,"height":0},"classes":[]},{"id":64,"url":"https:\/\/unikat4you.ch\/?page_id=64","url_meta":{"origin":459,"position":1},"title":"Workshop_Foulard","author":"admin","date":"M\u00e4rz 6, 2022","format":false,"excerpt":"Stoffdesign f\u00fcr Foulard oder Schal Umfang und Preis 4 Stunden Stoffdesign-Workshop in Kleingruppe von maximal 4 Teilnehmerinnen oder Teilnehmern kosten 120 Franken. Leitung\u00a0 Verena K\u00fcttel Lottenbach \u00abMeine \u00fcber 30j\u00e4hrige Erfahrung als Gestalterin und Ausbildnerin macht es m\u00f6glich, dass du ohne spezielle Vorkenntnisse dein eigenes Stoffdesign am Computer erstellen kannst. Gerne\u2026","rel":"","context":"\u00c4hnlicher Beitrag","block_context":{"text":"\u00c4hnlicher Beitrag","link":""},"img":{"alt_text":"","src":"","width":0,"height":0},"classes":[]},{"id":69,"url":"https:\/\/unikat4you.ch\/?page_id=69","url_meta":{"origin":459,"position":2},"title":"Workshop_Sitzball","author":"admin","date":"M\u00e4rz 6, 2022","format":false,"excerpt":"Sitzball kreieren Umfang und Preis 4 Stunden Stoffdesign-Workshop, jeweils in Kleingruppe mit maximal 4 Teilnehmenden kosten 120 Franken. F\u00fcr das N\u00e4hkit mit deinem Design bedrucktem Velours Kunstleder, N\u00e4hmaterial, Gymnastikball mit Pumpe und einer ausf\u00fchrlichen N\u00e4hanleitung bezahlst du zus\u00e4tzlich 120 Franken. Du l\u00e4sst den Sitzball mit deinem Design von unikat4you produzieren.\u2026","rel":"","context":"\u00c4hnlicher Beitrag","block_context":{"text":"\u00c4hnlicher Beitrag","link":""},"img":{"alt_text":"","src":"","width":0,"height":0},"classes":[]},{"id":71,"url":"https:\/\/unikat4you.ch\/?page_id=71","url_meta":{"origin":459,"position":3},"title":"Workshop_Exklusiv","author":"admin","date":"M\u00e4rz 6, 2022","format":false,"excerpt":"Stoffdesign exklusiv f\u00fcr dich Umfang und Preis Die erste Stunde Stoffdesign exklusiv kostet 150 Franken. Jede weitere Stunden kostet 120 Franken. Dabei spielt es keine Rolle, ob du alleine oder mit maximal 4 Personen am Workshop teilnimmst. Abonnemente Wenn du f\u00fcr dein Projekt eine gr\u00f6ssere Anzahl Stunden ben\u00f6tigst, oder sporadisch\u2026","rel":"","context":"\u00c4hnlicher Beitrag","block_context":{"text":"\u00c4hnlicher Beitrag","link":""},"img":{"alt_text":"","src":"","width":0,"height":0},"classes":[]},{"id":66,"url":"https:\/\/unikat4you.ch\/?page_id=66","url_meta":{"origin":459,"position":4},"title":"Workshops","author":"admin","date":"M\u00e4rz 6, 2022","format":false,"excerpt":"Liebst du Stoffe? Bist du kreativ? W\u00fcrdest du gerne dein eigenes Stoffdesign kreieren?\u00a0Seit 2015 f\u00fchre ich f\u00fcr bis zu vier Personen Stoffdesign-Workshops durch. Schritt f\u00fcr Schritt begleite ich dich dabei am Computer zu deinem Wunschdesign. Stoffdesign f\u00fcr Foulard oder Schal * Weggis Fr 27.03.2026 * 13:00\u201317:30 Sa 28.03.2026 * 13:00\u201317:30\u2026","rel":"","context":"\u00c4hnlicher Beitrag","block_context":{"text":"\u00c4hnlicher Beitrag","link":""},"img":{"alt_text":"","src":"","width":0,"height":0},"classes":[]},{"id":63,"url":"https:\/\/unikat4you.ch\/?page_id=63","url_meta":{"origin":459,"position":5},"title":"Stoffprints","author":"admin","date":"M\u00e4rz 6, 2022","format":false,"excerpt":"Das eigene Design auf den Stoff zu bringen ist immer wieder ein Highlight in meiner T\u00e4tigkeit. Je nach Projekt kann das Stoffdesign auf Seide, Wolle, Baumwolle, Leinen, Tencel, Neopren, recyclierte synthetische Stoffe oder Kunstleder in verschiedenen Ausf\u00fchrungen gedruckt werden. Der bedruckte Laufmeter Stoff kostet zwischen 40 und 90 Franken.\u00a0 In\u2026","rel":"","context":"\u00c4hnlicher Beitrag","block_context":{"text":"\u00c4hnlicher Beitrag","link":""},"img":{"alt_text":"","src":"","width":0,"height":0},"classes":[]}],"_links":{"self":[{"href":"https:\/\/unikat4you.ch\/index.php?rest_route=\/wp\/v2\/pages\/459","targetHints":{"allow":["GET"]}}],"collection":[{"href":"https:\/\/unikat4you.ch\/index.php?rest_route=\/wp\/v2\/pages"}],"about":[{"href":"https:\/\/unikat4you.ch\/index.php?rest_route=\/wp\/v2\/types\/page"}],"author":[{"embeddable":true,"href":"https:\/\/unikat4you.ch\/index.php?rest_route=\/wp\/v2\/users\/1"}],"replies":[{"embeddable":true,"href":"https:\/\/unikat4you.ch\/index.php?rest_route=%2Fwp%2Fv2%2Fcomments&post=459"}],"version-history":[{"count":10,"href":"https:\/\/unikat4you.ch\/index.php?rest_route=\/wp\/v2\/pages\/459\/revisions"}],"predecessor-version":[{"id":473,"href":"https:\/\/unikat4you.ch\/index.php?rest_route=\/wp\/v2\/pages\/459\/revisions\/473"}],"wp:attachment":[{"href":"https:\/\/unikat4you.ch\/index.php?rest_route=%2Fwp%2Fv2%2Fmedia&parent=459"}],"curies":[{"name":"wp","href":"https:\/\/api.w.org\/{rel}","templated":true}]}}